{"id":903,"date":"2019-01-15T12:19:16","date_gmt":"2019-01-15T09:19:16","guid":{"rendered":"http:\/\/www.kureselhukuk.com\/?page_id=903"},"modified":"2022-09-18T11:04:18","modified_gmt":"2022-09-18T08:04:18","slug":"basin-odasi-sirket-danismanligi-bosanma-avukat-ticari-uyusmazlik","status":"publish","type":"page","link":"https:\/\/www.kureselhukuk.com\/en\/basin-odasi-sirket-danismanligi-bosanma-avukat-ticari-uyusmazlik\/","title":{"rendered":"Press Room"},"content":{"rendered":"<div class=\"uk-margin\">\r\n\t<div class=\"de-row uk-container uk-position-relative uk-container-small\" style=\"z-index: 0 !important; border-right-width: 190px !important;padding-right: 60px !important;\">\r\n\t\t\t\t\t\t\t\t\t\t<div data-uk-grid=\"\" class=\"uk-grid uk-flex-1 uk-c-position-z-index-0\">\r\n\t\t\t<div class=\"de-column uk-position-relative uk-width-1-2@m\" style=\"z-index: 0 !important;\">\r\n\t<div class=\"uk-flex uk-c-flex-stretch uk-width-1-1\">\r\n\t\t<div class=\"uk-position-relative uk-width-1-1 uk-padding-remove\">\r\n\t\t\t\t\t\t<div ><\/div>\r\n\t\t\t\t\t\t<div class=\"uk-flex-1\">\r\n\t\t\t\t\n\t<div class=\"wpb_video_widget wpb_content_element vc_clearfix   vc_video-aspect-ratio-169 vc_video-el-width-100 vc_video-align-left\" >\n\t\t<div class=\"wpb_wrapper\">\n\t\t\t\n\t\t\t<div class=\"wpb_video_wrapper\"><iframe title=\"\u0130\u015f Hukuku Semineri | K\u00fcresel Hukuk | After Video\" width=\"640\" height=\"360\" src=\"https:\/\/www.youtube.com\/embed\/RYZfMY5ZODg?feature=oembed&loop=1&playlist=RYZfMY5ZODg&feature=youtu.be\" frameborder=\"0\" allow=\"accelerometer; autoplay; clipboard-write; encrypted-media; gyroscope; picture-in-picture\" allowfullscreen><\/iframe><\/div>\n\t\t<\/div>\n\t<\/div>\n<div class=\"uk-margin-remove\">\r\n\t<div class=\"de-row uk-container uk-position-relative\" style=\"z-index: 0 !important;\">\r\n\t\t\t\t\t\t<div data-uk-grid=\"\" class=\"uk-grid uk-flex-1 uk-c-position-z-index-0\">\r\n\t\t\t<div class=\"de-column uk-position-relative uk-width-1-1@m\" style=\"z-index: 0 !important;\">\r\n\t<div class=\"uk-flex uk-c-flex-stretch uk-width-1-1\">\r\n\t\t<div class=\"uk-position-relative uk-width-1-1 uk-padding-remove\">\r\n\t\t\t\t\t\t<div ><\/div>\r\n\t\t\t\t\t\t<div class=\"uk-flex-1\">\r\n\t\t\t\t<div style=\"height:40px;\" class=\"\">\r\n<\/div>\t\t\t<\/div>\r\n\t\t<\/div>\r\n\t<\/div>\r\n<\/div>\t\t<\/div>\r\n\t<\/div>\r\n<\/div>\t\t\t<\/div>\r\n\t\t<\/div>\r\n\t<\/div>\r\n<\/div><div class=\"de-column uk-position-relative uk-width-1-2@m\" style=\"z-index: 0 !important;\">\r\n\t<div class=\"uk-flex uk-c-flex-stretch uk-width-1-1\">\r\n\t\t<div class=\"uk-position-relative uk-width-1-1 uk-padding-remove\">\r\n\t\t\t\t\t\t<div ><\/div>\r\n\t\t\t\t\t\t<div class=\"uk-flex-1\">\r\n\t\t\t\t<div style=\"\" class=\"uk-position-relative uk-margin\">\r\n\t\t\t<div class=\"de-textblock-wrapper\">\r\n\t\t<p><strong>Business Law Seminar After Video<\/strong><\/p>\n<div style=\"text-align: justify;\">Evaluations from participants of our Labor Law Seminar dated December 14, 2019.<\/div>\n\t<\/div>\r\n<\/div>\t\t\t<\/div>\r\n\t\t<\/div>\r\n\t<\/div>\r\n<\/div>\t\t<\/div>\r\n\t<\/div>\r\n<\/div><div class=\"uk-margin\">\r\n\t<div class=\"de-row uk-container uk-position-relative uk-container-small\" style=\"z-index: 0 !important; border-right-width: 190px !important;padding-right: 60px !important;\">\r\n\t\t\t\t\t\t\t\t\t\t<div data-uk-grid=\"\" class=\"uk-grid uk-flex-1 uk-c-position-z-index-0\">\r\n\t\t\t<div class=\"de-column uk-position-relative uk-width-1-2@m\" style=\"z-index: 0 !important;\">\r\n\t<div class=\"uk-flex uk-c-flex-stretch uk-width-1-1\">\r\n\t\t<div class=\"uk-position-relative uk-width-1-1 uk-padding-remove\">\r\n\t\t\t\t\t\t<div ><\/div>\r\n\t\t\t\t\t\t<div class=\"uk-flex-1\">\r\n\t\t\t\t\n\t<div class=\"wpb_video_widget wpb_content_element vc_clearfix   vc_video-aspect-ratio-169 vc_video-el-width-100 vc_video-align-left\" >\n\t\t<div class=\"wpb_wrapper\">\n\t\t\t\n\t\t\t<div class=\"wpb_video_wrapper\"><iframe title=\"Av.Habip Bozkurt, ABD\u00b4nin Ortado\u011fu\u00b4daki ter\u00f6r \u00f6rg\u00fctlerine sa\u011flad\u0131\u011f\u0131 maddi deste\u011fe ili\u015fkin konu\u015ftu.\" width=\"640\" height=\"360\" src=\"https:\/\/www.youtube.com\/embed\/IRl0aM5iEXg?feature=oembed&loop=1&playlist=IRl0aM5iEXg&t\" frameborder=\"0\" allow=\"accelerometer; autoplay; clipboard-write; encrypted-media; gyroscope; picture-in-picture\" allowfullscreen><\/iframe><\/div>\n\t\t<\/div>\n\t<\/div>\n\t\t\t<\/div>\r\n\t\t<\/div>\r\n\t<\/div>\r\n<\/div><div class=\"de-column uk-position-relative uk-width-1-2@m\" style=\"z-index: 0 !important;\">\r\n\t<div class=\"uk-flex uk-c-flex-stretch uk-width-1-1\">\r\n\t\t<div class=\"uk-position-relative uk-width-1-1 uk-padding-remove\">\r\n\t\t\t\t\t\t<div ><\/div>\r\n\t\t\t\t\t\t<div class=\"uk-flex-1\">\r\n\t\t\t\t<div style=\"\" class=\"uk-position-relative uk-margin\">\r\n\t\t\t<div class=\"de-textblock-wrapper\">\r\n\t\t<p><strong>'Triable in the USA Hague'<\/strong><\/p>\n<div style=\"text-align: justify;\">Lawyer Habip Bozkurt spoke about the financial support provided by the United States to terrorist organizations in the Middle East. You can watch video news about the subject.<\/div>\n\t<\/div>\r\n<\/div>\t\t\t<\/div>\r\n\t\t<\/div>\r\n\t<\/div>\r\n<\/div>\t\t<\/div>\r\n\t<\/div>\r\n<\/div><div class=\"uk-margin\">\r\n\t<div class=\"de-row uk-container uk-position-relative\" style=\"z-index: 0 !important;\">\r\n\t\t\t\t\t\t\t\t\t\t<div data-uk-grid=\"\" class=\"uk-grid uk-flex-1 uk-c-position-z-index-0\">\r\n\t\t\t<div class=\"de-column uk-position-relative uk-width-1-1@m\" style=\"z-index: 0 !important;\">\r\n\t<div class=\"uk-flex uk-c-flex-stretch uk-width-1-1\">\r\n\t\t<div class=\"uk-position-relative uk-width-1-1 uk-padding-remove\">\r\n\t\t\t\t\t\t<div ><\/div>\r\n\t\t\t\t\t\t<div class=\"uk-flex-1\">\r\n\t\t\t\t<div style=\"height:60px;\" class=\"\">\r\n<\/div>\t\t\t<\/div>\r\n\t\t<\/div>\r\n\t<\/div>\r\n<\/div>\t\t<\/div>\r\n\t<\/div>\r\n<\/div><div class=\"uk-margin\">\r\n\t<div class=\"de-row uk-container uk-position-relative uk-container-small\" style=\"z-index: 0 !important;\">\r\n\t\t\t\t\t\t\t\t\t\t<div data-uk-grid=\"\" class=\"uk-grid uk-flex-1 uk-c-position-z-index-0\">\r\n\t\t\t<div class=\"de-column uk-position-relative uk-width-1-2@m\" style=\"z-index: 0 !important;\">\r\n\t<div class=\"uk-flex uk-c-flex-stretch uk-width-1-1\">\r\n\t\t<div class=\"uk-position-relative uk-width-1-1 uk-padding-remove\">\r\n\t\t\t\t\t\t<div ><\/div>\r\n\t\t\t\t\t\t<div class=\"uk-flex-1\">\r\n\t\t\t\t\n\t<div class=\"wpb_video_widget wpb_content_element vc_clearfix   vc_video-aspect-ratio-169 vc_video-el-width-100 vc_video-align-left\" >\n\t\t<div class=\"wpb_wrapper\">\n\t\t\t\n\t\t\t<div class=\"wpb_video_wrapper\"><iframe title=\"Avukat Habip Bozkurt\u00b4un de\u011ferlendirmelerde bulundu\u011fu \u015faibeli Marina - K\u00fcresel Hukuk\" width=\"640\" height=\"360\" src=\"https:\/\/www.youtube.com\/embed\/cziWFL5suts?feature=oembed&loop=1&playlist=cziWFL5suts&t\" frameborder=\"0\" allow=\"accelerometer; autoplay; clipboard-write; encrypted-media; gyroscope; picture-in-picture\" allowfullscreen><\/iframe><\/div>\n\t\t<\/div>\n\t<\/div>\n\t\t\t<\/div>\r\n\t\t<\/div>\r\n\t<\/div>\r\n<\/div><div class=\"de-column uk-position-relative uk-width-1-2@m\" style=\"z-index: 0 !important;\">\r\n\t<div class=\"uk-flex uk-c-flex-stretch uk-width-1-1\">\r\n\t\t<div class=\"uk-position-relative uk-width-1-1 uk-padding-remove\">\r\n\t\t\t\t\t\t<div ><\/div>\r\n\t\t\t\t\t\t<div class=\"uk-flex-1\">\r\n\t\t\t\t<div style=\"\" class=\"uk-position-relative uk-margin\">\r\n\t\t\t<div class=\"de-textblock-wrapper\">\r\n\t\t<p>You can watch the video news about the controversial Marina tender where lawyer Habip Bozkurt is making evaluations.<\/p>\n\t<\/div>\r\n<\/div>\t\t\t<\/div>\r\n\t\t<\/div>\r\n\t<\/div>\r\n<\/div>\t\t<\/div>\r\n\t<\/div>\r\n<\/div><div class=\"uk-margin\">\r\n\t<div class=\"de-row uk-container uk-position-relative uk-container-small\" style=\"z-index: 0 !important;\">\r\n\t\t\t\t\t\t\t\t\t\t<div data-uk-grid=\"\" class=\"uk-grid uk-flex-1 uk-c-position-z-index-0\">\r\n\t\t\t<div class=\"de-column uk-position-relative uk-width-1-2@m\" style=\"z-index: 0 !important;\">\r\n\t<div class=\"uk-flex uk-c-flex-stretch uk-width-1-1\">\r\n\t\t<div class=\"uk-position-relative uk-width-1-1 uk-padding-remove\">\r\n\t\t\t\t\t\t<div ><\/div>\r\n\t\t\t\t\t\t<div class=\"uk-flex-1\">\r\n\t\t\t\t<div data-dahz-shortcode-key=\"1663488120041-e2d50d6e-5987\" style=\"\" class=\"de-shortcode__wrapper de-shortcode__wrapper--dahz_single_image uk-margin-uk-margin\">\r\n\t<a class=\"de-single-image__wrapper uk-flex uk-flex-left\">\r\n\t<div>\r\n\t\t\t<\/div>\r\n<\/a>\r\n<\/div>\r\n\t\t\t<\/div>\r\n\t\t<\/div>\r\n\t<\/div>\r\n<\/div><div class=\"de-column uk-position-relative uk-width-1-2@m\" style=\"z-index: 0 !important;\">\r\n\t<div class=\"uk-flex uk-c-flex-stretch uk-width-1-1\">\r\n\t\t<div class=\"uk-position-relative uk-width-1-1 uk-padding-remove\">\r\n\t\t\t\t\t\t<div ><\/div>\r\n\t\t\t\t\t\t<div class=\"uk-flex-1\">\r\n\t\t\t\t<div style=\"\" class=\"uk-position-relative uk-margin\">\r\n\t\t\t<div class=\"de-textblock-wrapper\">\r\n\t\t<p>Avukat Habip Bozkurt\u00b4un Dan\u0131\u015ftay 8. Dairesi&#8217;nin, Avukatl\u0131k Meslek Kurallar\u0131 Madde 39\u2019u iptaline ili\u015fkin de\u011ferlendirmesi: <a href=\"https:\/\/haber.gdh.digital\/danistayin-vekalet-karari-avukatlari-zora-sokacak\/\">Dan\u0131\u015ftay\u2019\u0131n vekalet karar\u0131 avukatlar\u0131 zora sokacak <\/a><\/p>\n\t<\/div>\r\n<\/div>\t\t\t<\/div>\r\n\t\t<\/div>\r\n\t<\/div>\r\n<\/div>\t\t<\/div>\r\n\t<\/div>\r\n<\/div><div class=\"uk-margin\">\r\n\t<div class=\"de-row uk-container uk-position-relative\" style=\"z-index: 0 !important;\">\r\n\t\t\t\t\t\t\t\t\t\t<div data-uk-grid=\"\" class=\"uk-grid uk-flex-1 uk-c-position-z-index-0\">\r\n\t\t\t<div class=\"de-column uk-position-relative uk-width-1-1@m\" style=\"z-index: 0 !important;\">\r\n\t<div class=\"uk-flex uk-c-flex-stretch uk-width-1-1\">\r\n\t\t<div class=\"uk-position-relative uk-width-1-1 uk-padding-remove\">\r\n\t\t\t\t\t\t<div ><\/div>\r\n\t\t\t\t\t\t<div class=\"uk-flex-1\">\r\n\t\t\t\t<div style=\"height:60px;\" class=\"\">\r\n<\/div>\t\t\t<\/div>\r\n\t\t<\/div>\r\n\t<\/div>\r\n<\/div>\t\t<\/div>\r\n\t<\/div>\r\n<\/div><div class=\"uk-margin\">\r\n\t<div class=\"de-row uk-container uk-position-relative\" style=\"z-index: 0 !important;\">\r\n\t\t\t\t\t\t\t\t\t\t<div data-uk-grid=\"\" class=\"uk-grid uk-flex-1 uk-c-position-z-index-0\">\r\n\t\t\t<div class=\"de-column uk-position-relative uk-width-1-1@m\" style=\"z-index: 0 !important;\">\r\n\t<div class=\"uk-flex uk-c-flex-stretch uk-width-1-1\">\r\n\t\t<div class=\"uk-position-relative uk-width-1-1 uk-padding-remove\">\r\n\t\t\t\t\t\t<div ><\/div>\r\n\t\t\t\t\t\t<div class=\"uk-flex-1\">\r\n\t\t\t\t<div style=\"height:40px;\" class=\"\">\r\n<\/div>\t\t\t<\/div>\r\n\t\t<\/div>\r\n\t<\/div>\r\n<\/div>\t\t<\/div>\r\n\t<\/div>\r\n<\/div>","protected":false},"excerpt":{"rendered":"\u0130\u015f Hukuk Semineri After Video 14 Aral\u0131k 2019 tarihli \u0130\u015f Hukuku Seminerimizin kat\u0131l\u0131mc\u0131lar\u0131ndan de\u011ferlendirmeler. \"ABD Lahey\u00b4de yarg\u0131lanabilir\" Avukat Habip Bozkurt, ABD\u00b4nin Ortado\u011fu\u00b4daki ter\u00f6r \u00f6rg\u00fctlerine sa\u011flad\u0131\u011f\u0131 maddi deste\u011fe ili\u015fkin konu\u015ftu. Konuya ili\u015fkin g\u00f6r\u00fcnt\u00fcl\u00fc haberi izleyebilirsiniz. Avukat Habip Bozkurt\u00b4un de\u011ferlendirmelerde bulundu\u011fu \u015faibeli Marina ihalesine ili\u015fkin g\u00f6r\u00fcnt\u00fcl\u00fc haberi izleyebilirsiniz. Avukat Habip Bozkurt\u00b4un Dan\u0131\u015ftay 8. Dairesi'nin, Avukatl\u0131k Meslek Kurallar\u0131","protected":false},"author":1,"featured_media":0,"parent":0,"menu_order":0,"comment_status":"closed","ping_status":"closed","template":"","meta":[],"yoast_head":"<!-- This site is optimized with the Yoast SEO Premium plugin v16.1 (Yoast SEO v16.4) - https:\/\/yoast.com\/wordpress\/plugins\/seo\/ -->\n<title>Bas\u0131n Odas\u0131 - \u015eirket Dan\u0131\u015fmanl\u0131\u011f\u0131, Bo\u015fanma Avukat, Ticari Uyu\u015fmazl\u0131k<\/title>\n<meta name=\"description\" content=\"Kurucu Avukat Habip Bozkurt, Y\u00f6netici Avukat Merve Bekiro\u011flu - Bas\u0131n Odas\u0131. \u015eirket Dan\u0131\u015fmanl\u0131\u011f\u0131, Bo\u015fanma Avukat, Ticari Uyu\u015fmazl\u0131k\" \/>\n<meta name=\"robots\" content=\"index, follow, max-snippet:-1, max-image-preview:large, max-video-preview:-1\" \/>\n<link rel=\"canonical\" href=\"https:\/\/www.kureselhukuk.com\/en\/basin-odasi-sirket-danismanligi-bosanma-avukat-ticari-uyusmazlik\/\" \/>\n<meta property=\"og:locale\" content=\"en_US\" \/>\n<meta property=\"og:type\" content=\"article\" \/>\n<meta property=\"og:title\" content=\"Bas\u0131n Odas\u0131 - \u015eirket Dan\u0131\u015fmanl\u0131\u011f\u0131, Bo\u015fanma Avukat, Ticari Uyu\u015fmazl\u0131k\" \/>\n<meta property=\"og:description\" content=\"Kurucu Avukat Habip Bozkurt, Y\u00f6netici Avukat Merve Bekiro\u011flu - Bas\u0131n Odas\u0131. \u015eirket Dan\u0131\u015fmanl\u0131\u011f\u0131, Bo\u015fanma Avukat, Ticari Uyu\u015fmazl\u0131k\" \/>\n<meta property=\"og:url\" content=\"https:\/\/www.kureselhukuk.com\/en\/basin-odasi-sirket-danismanligi-bosanma-avukat-ticari-uyusmazlik\/\" \/>\n<meta property=\"og:site_name\" content=\"K\u00fcresel Hukuk\" \/>\n<meta property=\"article:publisher\" content=\"https:\/\/www.facebook.com\/kureselhukukcom\" \/>\n<meta property=\"article:modified_time\" content=\"2022-09-18T08:04:18+00:00\" \/>\n<meta name=\"twitter:card\" content=\"summary_large_image\" \/>\n<meta name=\"twitter:site\" content=\"@kureselhukuk\" \/>\n<meta name=\"twitter:label1\" content=\"Est. reading time\" \/>\n\t<meta name=\"twitter:data1\" content=\"2 minutes\" \/>\n<script type=\"application\/ld+json\" class=\"yoast-schema-graph\">{\"@context\":\"https:\/\/schema.org\",\"@graph\":[{\"@type\":\"Organization\",\"@id\":\"https:\/\/www.kureselhukuk.com\/#organization\",\"name\":\"K\\u00fcresel Hukuk & Dan\\u0131\\u015fmanl\\u0131k\",\"url\":\"https:\/\/www.kureselhukuk.com\/\",\"sameAs\":[\"https:\/\/www.facebook.com\/kureselhukukcom\",\"https:\/\/www.instagram.com\/kureselhukuk\/\",\"https:\/\/www.linkedin.com\/company\/kuresel-hukuk\/\",\"https:\/\/www.youtube.com\/channel\/UCcLrg5tKOtPsBVzIHkg5RFA\",\"https:\/\/twitter.com\/kureselhukuk\"],\"logo\":{\"@type\":\"ImageObject\",\"@id\":\"https:\/\/www.kureselhukuk.com\/#logo\",\"inLanguage\":\"en-US\",\"url\":\"https:\/\/www.kureselhukuk.com\/wp-content\/uploads\/2019\/01\/Untitled-1.png\",\"contentUrl\":\"https:\/\/www.kureselhukuk.com\/wp-content\/uploads\/2019\/01\/Untitled-1.png\",\"width\":594,\"height\":178,\"caption\":\"K\\u00fcresel Hukuk & Dan\\u0131\\u015fmanl\\u0131k\"},\"image\":{\"@id\":\"https:\/\/www.kureselhukuk.com\/#logo\"}},{\"@type\":\"WebSite\",\"@id\":\"https:\/\/www.kureselhukuk.com\/#website\",\"url\":\"https:\/\/www.kureselhukuk.com\/\",\"name\":\"K\\u00fcresel Hukuk\",\"description\":\"&quot;Adalet vaat de\\u011fildir&quot;\",\"publisher\":{\"@id\":\"https:\/\/www.kureselhukuk.com\/#organization\"},\"potentialAction\":[{\"@type\":\"SearchAction\",\"target\":\"https:\/\/www.kureselhukuk.com\/?s={search_term_string}\",\"query-input\":\"required name=search_term_string\"}],\"inLanguage\":\"en-US\"},{\"@type\":\"WebPage\",\"@id\":\"https:\/\/www.kureselhukuk.com\/basin-odasi-sirket-danismanligi-bosanma-avukat-ticari-uyusmazlik\/#webpage\",\"url\":\"https:\/\/www.kureselhukuk.com\/basin-odasi-sirket-danismanligi-bosanma-avukat-ticari-uyusmazlik\/\",\"name\":\"Bas\\u0131n Odas\\u0131 - \\u015eirket Dan\\u0131\\u015fmanl\\u0131\\u011f\\u0131, Bo\\u015fanma Avukat, Ticari Uyu\\u015fmazl\\u0131k\",\"isPartOf\":{\"@id\":\"https:\/\/www.kureselhukuk.com\/#website\"},\"datePublished\":\"2019-01-15T09:19:16+00:00\",\"dateModified\":\"2022-09-18T08:04:18+00:00\",\"description\":\"Kurucu Avukat Habip Bozkurt, Y\\u00f6netici Avukat Merve Bekiro\\u011flu - Bas\\u0131n Odas\\u0131. \\u015eirket Dan\\u0131\\u015fmanl\\u0131\\u011f\\u0131, Bo\\u015fanma Avukat, Ticari Uyu\\u015fmazl\\u0131k\",\"breadcrumb\":{\"@id\":\"https:\/\/www.kureselhukuk.com\/basin-odasi-sirket-danismanligi-bosanma-avukat-ticari-uyusmazlik\/#breadcrumb\"},\"inLanguage\":\"en-US\",\"potentialAction\":[{\"@type\":\"ReadAction\",\"target\":[\"https:\/\/www.kureselhukuk.com\/basin-odasi-sirket-danismanligi-bosanma-avukat-ticari-uyusmazlik\/\"]}]},{\"@type\":\"BreadcrumbList\",\"@id\":\"https:\/\/www.kureselhukuk.com\/basin-odasi-sirket-danismanligi-bosanma-avukat-ticari-uyusmazlik\/#breadcrumb\",\"itemListElement\":[{\"@type\":\"ListItem\",\"position\":1,\"item\":{\"@type\":\"WebPage\",\"@id\":\"https:\/\/www.kureselhukuk.com\/\",\"url\":\"https:\/\/www.kureselhukuk.com\/\",\"name\":\"Ana sayfa\"}},{\"@type\":\"ListItem\",\"position\":2,\"item\":{\"@id\":\"https:\/\/www.kureselhukuk.com\/basin-odasi-sirket-danismanligi-bosanma-avukat-ticari-uyusmazlik\/#webpage\"}}]}]}<\/script>\n<!-- \/ Yoast SEO Premium plugin. -->","_links":{"self":[{"href":"https:\/\/www.kureselhukuk.com\/en\/wp-json\/wp\/v2\/pages\/903"}],"collection":[{"href":"https:\/\/www.kureselhukuk.com\/en\/wp-json\/wp\/v2\/pages"}],"about":[{"href":"https:\/\/www.kureselhukuk.com\/en\/wp-json\/wp\/v2\/types\/page"}],"author":[{"embeddable":true,"href":"https:\/\/www.kureselhukuk.com\/en\/wp-json\/wp\/v2\/users\/1"}],"replies":[{"embeddable":true,"href":"https:\/\/www.kureselhukuk.com\/en\/wp-json\/wp\/v2\/comments?post=903"}],"version-history":[{"count":6,"href":"https:\/\/www.kureselhukuk.com\/en\/wp-json\/wp\/v2\/pages\/903\/revisions"}],"predecessor-version":[{"id":3656,"href":"https:\/\/www.kureselhukuk.com\/en\/wp-json\/wp\/v2\/pages\/903\/revisions\/3656"}],"wp:attachment":[{"href":"https:\/\/www.kureselhukuk.com\/en\/wp-json\/wp\/v2\/media?parent=903"}],"curies":[{"name":"wp","href":"https:\/\/api.w.org\/{rel}","templated":true}]}}