{"id":412,"date":"2018-04-16T01:58:39","date_gmt":"2018-04-16T01:58:39","guid":{"rendered":"http:\/\/xml.daffyhazan.com\/diacara\/?page_id=1475"},"modified":"2025-08-04T17:41:17","modified_gmt":"2025-08-04T14:41:17","slug":"hakkimizda","status":"publish","type":"page","link":"https:\/\/www.kureselhukuk.com\/en\/hakkimizda\/","title":{"rendered":"About Us"},"content":{"rendered":"<div class=\"uk-margin\">\r\n\t<div class=\"de-row uk-container uk-position-relative uk-container-expand uk-padding-remove-horizontal\" style=\"box-sizing: border-box; z-index: 0 !important; background-color: #ffffff !important;\">\r\n\t\t\t\t\t\t\t\t\t\t<div data-uk-grid=\"\" class=\"uk-grid uk-flex-1 uk-c-position-z-index-0 uk-flex-middle\">\r\n\t\t\t<div class=\"de-column uk-position-relative uk-width-1-2@m\" style=\"z-index: 0 !important;\">\r\n\t<div class=\"uk-flex uk-c-flex-stretch uk-width-1-1\">\r\n\t\t<div class=\"uk-position-relative uk-width-1-1 uk-card uk-card-body uk-card-default uk-padding-remove\">\r\n\t\t\t\t\t\t<div ><\/div>\r\n\t\t\t\t\t\t<div class=\"uk-flex-1\">\r\n\t\t\t\t\t\t\t<\/div>\r\n\t\t<\/div>\r\n\t<\/div>\r\n<\/div>\t\t<\/div>\r\n\t<\/div>\r\n<\/div><div class=\"uk-margin\">\r\n\t<div class=\"de-row uk-container uk-position-relative uk-container-expand uk-padding-remove-horizontal\" style=\"box-sizing: border-box; z-index: 0 !important; background-color: #ffffff !important;\">\r\n\t\t\t\t\t\t\t\t\t\t<div data-uk-grid=\"\" class=\"uk-grid uk-flex-1 uk-c-position-z-index-0 uk-flex-middle\">\r\n\t\t\t<div class=\"de-column uk-position-relative uk-width-1-2@m\" style=\"z-index: 0 !important;\">\r\n\t<div class=\"uk-flex uk-c-flex-stretch uk-width-1-1\">\r\n\t\t<div class=\"uk-position-relative uk-width-1-1 uk-padding-remove\" style=\"border-top-width: 0px !important;padding-top: 0px !important;\">\r\n\t\t\t\t\t\t<div ><\/div>\r\n\t\t\t\t\t\t<div class=\"uk-flex-1\">\r\n\t\t\t\t<div data-uk-slider=\"autoplay: true;autoplay-interval:1300;\" class=\"de-shortcode__wrapper de-shortcode__wrapper--image_gallery\" data-dahz-shortcode-key=\"1549950609977-def832c5-cf61\">\r\n    <div class=\"uk-slider-container\">\r\n        <ul class=\"uk-grid de-sc-image-gallery uk-slider-items uk-grid-collapse uk-child-width-1-1 uk-child-width-1-1@s uk-child-width-1-1@m uk-child-width-1-1@l\" data-uk-grid=\"\" data-gutter=\"uk-grid-collapse\" data-hover-effect=\"none\">\r\n                            <li >\r\n                    <div class=\"de-sc-image-gallery__item\">\r\n                    <div class=\"de-sc-image-gallery__item-wrap de-ratio de-ratio-1-1 uk-transition-toggle\">\r\n                        <img width=\"1707\" height=\"2560\" src=\"https:\/\/www.kureselhukuk.com\/wp-content\/uploads\/2025\/08\/1Z5A9009-scaled.jpg\" class=\"de-ratio-content\" alt=\"\" loading=\"lazy\" srcset=\"https:\/\/www.kureselhukuk.com\/wp-content\/uploads\/2025\/08\/1Z5A9009-scaled.jpg 1707w, https:\/\/www.kureselhukuk.com\/wp-content\/uploads\/2025\/08\/1Z5A9009-200x300.jpg 200w, https:\/\/www.kureselhukuk.com\/wp-content\/uploads\/2025\/08\/1Z5A9009-683x1024.jpg 683w, https:\/\/www.kureselhukuk.com\/wp-content\/uploads\/2025\/08\/1Z5A9009-768x1152.jpg 768w, https:\/\/www.kureselhukuk.com\/wp-content\/uploads\/2025\/08\/1Z5A9009-1024x1536.jpg 1024w, https:\/\/www.kureselhukuk.com\/wp-content\/uploads\/2025\/08\/1Z5A9009-1365x2048.jpg 1365w, https:\/\/www.kureselhukuk.com\/wp-content\/uploads\/2025\/08\/1Z5A9009-8x12.jpg 8w\" sizes=\"(max-width: 1707px) 100vw, 1707px\" \/>                                                                        <\/div>\r\n                        <\/div>\r\n                    <\/li>\r\n\r\n                                <li >\r\n                    <div class=\"de-sc-image-gallery__item\">\r\n                    <div class=\"de-sc-image-gallery__item-wrap de-ratio de-ratio-1-1 uk-transition-toggle\">\r\n                        <img width=\"2560\" height=\"1707\" src=\"https:\/\/www.kureselhukuk.com\/wp-content\/uploads\/2025\/08\/1Z5A9017-scaled.jpg\" class=\"de-ratio-content\" alt=\"\" loading=\"lazy\" srcset=\"https:\/\/www.kureselhukuk.com\/wp-content\/uploads\/2025\/08\/1Z5A9017-scaled.jpg 2560w, https:\/\/www.kureselhukuk.com\/wp-content\/uploads\/2025\/08\/1Z5A9017-300x200.jpg 300w, https:\/\/www.kureselhukuk.com\/wp-content\/uploads\/2025\/08\/1Z5A9017-1024x683.jpg 1024w, https:\/\/www.kureselhukuk.com\/wp-content\/uploads\/2025\/08\/1Z5A9017-768x512.jpg 768w, https:\/\/www.kureselhukuk.com\/wp-content\/uploads\/2025\/08\/1Z5A9017-1536x1024.jpg 1536w, https:\/\/www.kureselhukuk.com\/wp-content\/uploads\/2025\/08\/1Z5A9017-2048x1365.jpg 2048w, https:\/\/www.kureselhukuk.com\/wp-content\/uploads\/2025\/08\/1Z5A9017-18x12.jpg 18w\" sizes=\"(max-width: 2560px) 100vw, 2560px\" \/>                                                                        <\/div>\r\n                        <\/div>\r\n                    <\/li>\r\n\r\n                \r\n            <\/ul>\r\n\r\n    <\/div>\r\n    <\/div>\r\n\t\t\t<\/div>\r\n\t\t<\/div>\r\n\t<\/div>\r\n<\/div><div class=\"de-column uk-position-relative uk-width-1-2@m\" style=\"z-index: 0 !important;\">\r\n\t<div class=\"uk-flex uk-c-flex-stretch uk-width-1-1\">\r\n\t\t<div class=\"uk-position-relative uk-width-1-1 uk-card uk-card-body uk-card-default uk-padding-remove\">\r\n\t\t\t\t\t\t<div ><\/div>\r\n\t\t\t\t\t\t<div class=\"uk-flex-1\">\r\n\t\t\t\t<div data-dahz-shortcode-key=\"1549950609980-c55b71ed-5338\" style=\"\" class=\"de-shortcode__wrapper de-shortcode__wrapper--dahz_single_image uk-margin-uk-margin\">\r\n\t<a class=\"de-single-image__wrapper uk-flex uk-flex-left\">\r\n\t<div>\r\n\t\t<img width=\"50\" height=\"70\" src=\"https:\/\/www.kureselhukuk.com\/wp-content\/uploads\/2019\/01\/K2-1.png\" class=\"attachment-full\" alt=\"\" loading=\"lazy\" \/>\t<\/div>\r\n<\/a>\r\n<\/div>\r\n<div style=\"height:2vh;\" class=\"\">\r\n<\/div>\r\n<div data-uk-scrollspy=\"cls:uk-animation-scale-up;\" class=\"uk-margin de-sc-heading\" data-dahz-shortcode-key=\"1549950609981-a0d60c2b-b6f1\">\r\n\t\r\n\t<h2 style=\"color: #000000; text-align: left;\">\r\n\t\tAbout Us\r\n\t<\/h2>\r\n\t<\/div><div style=\"padding-right: 60px !important;\" class=\"uk-position-relative uk-margin\">\r\n\t\t\t<div class=\"de-textblock-wrapper\" data-uk-scrollspy=\"cls:uk-animation-fade;\">\r\n\t\t<p style=\"text-align: justify;\"><span style=\"font-size: 9.0pt; font-family: 'Arial',sans-serif; color: black;\">K\u00fcresel Law &amp; Consultancy company was established in 2014 to provide qualified legal consultancy services and fast solutions to domestic and foreign clients on issues subject to Turkish Law and international law. It has produced solutions to the legal problems of numerous corporate and individual clients to date, besides it acquired a vision to use its knowledge of national regulation and industry practices to achieve its clients' goals. With the support of experienced lawyer staff and academicians who are experts in their fields; K\u00fcresel Law &amp; Consultancy, which offers rapid and precise solutions that the business life expects in high-quality, provides service to its clients with an experienced team, especially in the Banking, Energy and Telecommunications sectors.\n\nMergers and acquisitions, forming commercial contracts, management of real estate investments, project financing, privatization, protection of intellectual property rights, enforcement and bankruptcy proceedings are the primary areas it intensively offers value into the business world.\n\nK\u00fcresel Law &amp; Consultancy, which defines its duty definition as minimizing the legal risks of its clients through the guardian advocacy service by taking the necessary measures before legal disputes arise, ensures that it saves time and money with the service it offers. <a href=\"https:\/\/www.kureselhukuk.com\/en\/ekibimiz\/\">tecr\u00fcbeli bir ekip<\/a> which offers rapid and precise solutions that the business life expects in high-quality, provides service to its clients with an experienced team, especially in the Banking, Energy and Telecommunications sectors.<\/span><\/p>\n<p style=\"text-align: justify;\"><span style=\"font-size: 9.0pt; font-family: 'Arial',sans-serif; color: black;\">Mergers and acquisitions, forming commercial contracts, management of real estate investments, project financing, privatization, protection of intellectual property rights, enforcement and bankruptcy proceedings are the primary areas it intensively offers value into the business world.<\/span><\/p>\n<p style=\"text-align: justify; font-variant-ligatures: normal; font-variant-caps: normal; orphans: 2; widows: 2; -webkit-text-stroke-width: 0px; text-decoration-style: initial; text-decoration-color: initial; word-spacing: 0px;\"><span style=\"font-size: 9.0pt; font-family: 'Arial',sans-serif; color: black;\">K\u00fcresel Law &amp; Consultancy, which defines its duty definition as minimizing the legal risks of its clients through the guardian advocacy service by taking the necessary measures before legal disputes arise, ensures that it saves time and money with the service it offers.<\/span><\/p>\n\t<\/div>\r\n<\/div>\t\t\t<\/div>\r\n\t\t<\/div>\r\n\t<\/div>\r\n<\/div>\t\t<\/div>\r\n\t<\/div>\r\n<\/div>","protected":false},"excerpt":{"rendered":"Hakk\u0131m\u0131zda K\u00fcresel Hukuk &amp; Dan\u0131\u015fmanl\u0131k \u015firketi 2014 y\u0131l\u0131nda yerli ve yabanc\u0131 m\u00fcvekkillere T\u00fcrk Hukuku ve uluslararas\u0131 hukuka tabi konularda nitelikli hukuki dan\u0131\u015fmanl\u0131k hizmeti ve h\u0131zl\u0131 \u00e7\u00f6z\u00fcmler sunmak i\u00e7in kurulmu\u015ftur. Bug\u00fcne kadar say\u0131s\u0131z kurumsal ve bireysel m\u00fcvekkilin hukuki sorunlar\u0131na \u00e7\u00f6z\u00fcm \u00fcretmi\u015f bunun yan\u0131nda ulusal mevzuata ve sekt\u00f6rel uygulamalara ili\u015fkin birikimini, m\u00fcvekkillerinin hedeflerine ula\u015fmalar\u0131 i\u00e7in kullanmay\u0131 vizyon","protected":false},"author":1,"featured_media":2669,"parent":0,"menu_order":0,"comment_status":"closed","ping_status":"closed","template":"","meta":[],"yoast_head":"<!-- This site is optimized with the Yoast SEO Premium plugin v16.1 (Yoast SEO v16.4) - https:\/\/yoast.com\/wordpress\/plugins\/seo\/ -->\n<title>Hakk\u0131m\u0131zda | K\u00fcresel Hukuk Dan\u0131\u015fmanl\u0131k | Destek<\/title>\n<meta name=\"description\" content=\"K\u00fcresel Hukuk Dan\u0131\u015fmanl\u0131k \u015firketi 2006 y\u0131l\u0131nda yerli ve yabanc\u0131 m\u00fcvekkillere T\u00fcrk Hukuku ve uluslararas\u0131 hukuka tabi konularda nitelikli hizmet i\u00e7in kuruldu\" \/>\n<meta name=\"robots\" content=\"index, follow, max-snippet:-1, max-image-preview:large, max-video-preview:-1\" \/>\n<link rel=\"canonical\" href=\"https:\/\/www.kureselhukuk.com\/en\/hakkimizda\/\" \/>\n<meta property=\"og:locale\" content=\"en_US\" \/>\n<meta property=\"og:type\" content=\"article\" \/>\n<meta property=\"og:title\" content=\"Hakk\u0131m\u0131zda | K\u00fcresel Hukuk Dan\u0131\u015fmanl\u0131k | Destek\" \/>\n<meta property=\"og:description\" content=\"K\u00fcresel Hukuk Dan\u0131\u015fmanl\u0131k \u015firketi 2006 y\u0131l\u0131nda yerli ve yabanc\u0131 m\u00fcvekkillere T\u00fcrk Hukuku ve uluslararas\u0131 hukuka tabi konularda nitelikli hizmet i\u00e7in kuruldu\" \/>\n<meta property=\"og:url\" content=\"https:\/\/www.kureselhukuk.com\/en\/hakkimizda\/\" \/>\n<meta property=\"og:site_name\" content=\"K\u00fcresel Hukuk\" \/>\n<meta property=\"article:publisher\" content=\"https:\/\/www.facebook.com\/kureselhukukcom\" \/>\n<meta property=\"article:modified_time\" content=\"2025-08-04T14:41:17+00:00\" \/>\n<meta property=\"og:image\" content=\"https:\/\/www.kureselhukuk.com\/wp-content\/uploads\/2019\/03\/S\u00f6zle\u015fme-Hukuku-K\u00fcresel-Hukuk.png\" \/>\n\t<meta property=\"og:image:width\" content=\"151\" \/>\n\t<meta property=\"og:image:height\" content=\"46\" \/>\n<meta name=\"twitter:card\" content=\"summary_large_image\" \/>\n<meta name=\"twitter:site\" content=\"@kureselhukuk\" \/>\n<meta name=\"twitter:label1\" content=\"Est. reading time\" \/>\n\t<meta name=\"twitter:data1\" content=\"3 minutes\" \/>\n<script type=\"application\/ld+json\" class=\"yoast-schema-graph\">{\"@context\":\"https:\/\/schema.org\",\"@graph\":[{\"@type\":\"Organization\",\"@id\":\"https:\/\/www.kureselhukuk.com\/#organization\",\"name\":\"K\\u00fcresel Hukuk & Dan\\u0131\\u015fmanl\\u0131k\",\"url\":\"https:\/\/www.kureselhukuk.com\/\",\"sameAs\":[\"https:\/\/www.facebook.com\/kureselhukukcom\",\"https:\/\/www.instagram.com\/kureselhukuk\/\",\"https:\/\/www.linkedin.com\/company\/kuresel-hukuk\/\",\"https:\/\/www.youtube.com\/channel\/UCcLrg5tKOtPsBVzIHkg5RFA\",\"https:\/\/twitter.com\/kureselhukuk\"],\"logo\":{\"@type\":\"ImageObject\",\"@id\":\"https:\/\/www.kureselhukuk.com\/#logo\",\"inLanguage\":\"en-US\",\"url\":\"https:\/\/www.kureselhukuk.com\/wp-content\/uploads\/2019\/01\/Untitled-1.png\",\"contentUrl\":\"https:\/\/www.kureselhukuk.com\/wp-content\/uploads\/2019\/01\/Untitled-1.png\",\"width\":594,\"height\":178,\"caption\":\"K\\u00fcresel Hukuk & Dan\\u0131\\u015fmanl\\u0131k\"},\"image\":{\"@id\":\"https:\/\/www.kureselhukuk.com\/#logo\"}},{\"@type\":\"WebSite\",\"@id\":\"https:\/\/www.kureselhukuk.com\/#website\",\"url\":\"https:\/\/www.kureselhukuk.com\/\",\"name\":\"K\\u00fcresel Hukuk\",\"description\":\"&quot;Adalet vaat de\\u011fildir&quot;\",\"publisher\":{\"@id\":\"https:\/\/www.kureselhukuk.com\/#organization\"},\"potentialAction\":[{\"@type\":\"SearchAction\",\"target\":\"https:\/\/www.kureselhukuk.com\/?s={search_term_string}\",\"query-input\":\"required name=search_term_string\"}],\"inLanguage\":\"en-US\"},{\"@type\":\"ImageObject\",\"@id\":\"https:\/\/www.kureselhukuk.com\/hakkimizda\/#primaryimage\",\"inLanguage\":\"en-US\",\"url\":\"https:\/\/www.kureselhukuk.com\/wp-content\/uploads\/2019\/03\/S\\u00f6zle\\u015fme-Hukuku-K\\u00fcresel-Hukuk.png\",\"contentUrl\":\"https:\/\/www.kureselhukuk.com\/wp-content\/uploads\/2019\/03\/S\\u00f6zle\\u015fme-Hukuku-K\\u00fcresel-Hukuk.png\",\"width\":151,\"height\":46,\"caption\":\"K\\u00fcresel Hukuk\"},{\"@type\":\"WebPage\",\"@id\":\"https:\/\/www.kureselhukuk.com\/hakkimizda\/#webpage\",\"url\":\"https:\/\/www.kureselhukuk.com\/hakkimizda\/\",\"name\":\"Hakk\\u0131m\\u0131zda | K\\u00fcresel Hukuk Dan\\u0131\\u015fmanl\\u0131k | Destek\",\"isPartOf\":{\"@id\":\"https:\/\/www.kureselhukuk.com\/#website\"},\"primaryImageOfPage\":{\"@id\":\"https:\/\/www.kureselhukuk.com\/hakkimizda\/#primaryimage\"},\"datePublished\":\"2018-04-16T01:58:39+00:00\",\"dateModified\":\"2025-08-04T14:41:17+00:00\",\"description\":\"K\\u00fcresel Hukuk Dan\\u0131\\u015fmanl\\u0131k \\u015firketi 2006 y\\u0131l\\u0131nda yerli ve yabanc\\u0131 m\\u00fcvekkillere T\\u00fcrk Hukuku ve uluslararas\\u0131 hukuka tabi konularda nitelikli hizmet i\\u00e7in kuruldu\",\"breadcrumb\":{\"@id\":\"https:\/\/www.kureselhukuk.com\/hakkimizda\/#breadcrumb\"},\"inLanguage\":\"en-US\",\"potentialAction\":[{\"@type\":\"ReadAction\",\"target\":[\"https:\/\/www.kureselhukuk.com\/hakkimizda\/\"]}]},{\"@type\":\"BreadcrumbList\",\"@id\":\"https:\/\/www.kureselhukuk.com\/hakkimizda\/#breadcrumb\",\"itemListElement\":[{\"@type\":\"ListItem\",\"position\":1,\"item\":{\"@type\":\"WebPage\",\"@id\":\"https:\/\/www.kureselhukuk.com\/\",\"url\":\"https:\/\/www.kureselhukuk.com\/\",\"name\":\"Ana sayfa\"}},{\"@type\":\"ListItem\",\"position\":2,\"item\":{\"@id\":\"https:\/\/www.kureselhukuk.com\/hakkimizda\/#webpage\"}}]}]}<\/script>\n<!-- \/ Yoast SEO Premium plugin. -->","_links":{"self":[{"href":"https:\/\/www.kureselhukuk.com\/en\/wp-json\/wp\/v2\/pages\/412"}],"collection":[{"href":"https:\/\/www.kureselhukuk.com\/en\/wp-json\/wp\/v2\/pages"}],"about":[{"href":"https:\/\/www.kureselhukuk.com\/en\/wp-json\/wp\/v2\/types\/page"}],"author":[{"embeddable":true,"href":"https:\/\/www.kureselhukuk.com\/en\/wp-json\/wp\/v2\/users\/1"}],"replies":[{"embeddable":true,"href":"https:\/\/www.kureselhukuk.com\/en\/wp-json\/wp\/v2\/comments?post=412"}],"version-history":[{"count":4,"href":"https:\/\/www.kureselhukuk.com\/en\/wp-json\/wp\/v2\/pages\/412\/revisions"}],"predecessor-version":[{"id":3952,"href":"https:\/\/www.kureselhukuk.com\/en\/wp-json\/wp\/v2\/pages\/412\/revisions\/3952"}],"wp:featuredmedia":[{"embeddable":true,"href":"https:\/\/www.kureselhukuk.com\/en\/wp-json\/wp\/v2\/media\/2669"}],"wp:attachment":[{"href":"https:\/\/www.kureselhukuk.com\/en\/wp-json\/wp\/v2\/media?parent=412"}],"curies":[{"name":"wp","href":"https:\/\/api.w.org\/{rel}","templated":true}]}}