{"id":409,"date":"2018-04-16T02:09:08","date_gmt":"2018-04-16T02:09:08","guid":{"rendered":"http:\/\/xml.daffyhazan.com\/diacara\/?page_id=1482"},"modified":"2019-03-28T17:19:03","modified_gmt":"2019-03-28T14:19:03","slug":"iletisim","status":"publish","type":"page","link":"https:\/\/www.kureselhukuk.com\/en\/iletisim\/","title":{"rendered":"Contact"},"content":{"rendered":"<div class=\"de-section uk-section uk-position-relative uk-padding-remove-vertical uk-background-norepeat uk-background-top-center parallax\" style=\"background-image: url();\" data-uk-parallax=\"bgx:0,0;bgy:-170,220;\">\r\n\t\t\t\r\n\t\t\t\t<div class=\"de-shape-divider uk-position-top\" style=\"height: 100px;transform: rotate(180deg);\">\r\n\t\t\t\t\t<svg fill=\"url(#SVGID_1_top_1524290002917-8967f231-67bf)\" xmlns=\"http:\/\/www.w3.org\/2000\/svg\" viewbox=\"0 0 1000 200\" preserveaspectratio=\"none\"><lineargradient id=\"SVGID_1_top_1524290002917-8967f231-67bf\" gradientunits=\"userSpaceOnUse\" x1=\"500\" y1=\"-98.4186\" x2=\"500\" y2=\"94.3336\" gradienttransform=\"matrix(-1 0 0 1 1000 98)\"><stop offset=\"0\" stop-color=\"#ffffff\" stop-opacity=\"0\"\/><stop offset=\"1\" stop-color=\"#ffffff\"\/><\/lineargradient><rect width=\"1000\" height=\"200\"\/><\/svg>\r\n\t\t\t\t<\/div>\r\n\t\t\t\t\t\r\n\t\t\t\t<div class=\"de-shape-divider uk-position-bottom\" style=\"height: 200px;\">\r\n\t\t\t\t\t<svg fill=\"url(#SVGID_1_bottom_1524290002917-8967f231-67bf)\" xmlns=\"http:\/\/www.w3.org\/2000\/svg\" viewbox=\"0 0 1000 200\" preserveaspectratio=\"none\"><lineargradient id=\"SVGID_1_bottom_1524290002917-8967f231-67bf\" gradientunits=\"userSpaceOnUse\" x1=\"500\" y1=\"-98.4186\" x2=\"500\" y2=\"94.3336\" gradienttransform=\"matrix(-1 0 0 1 1000 98)\"><stop offset=\"0\" stop-color=\"#ffffff\" stop-opacity=\"0\"\/><stop offset=\"1\" stop-color=\"#ffffff\"\/><\/lineargradient><rect width=\"1000\" height=\"200\"\/><\/svg>\r\n\t\t\t\t<\/div>\r\n\t\t\t\t\t<div class=\"uk-margin\">\r\n\t<div class=\"de-row uk-container uk-position-relative\" style=\"z-index: 0 !important;\">\r\n\t\t\t\t\t\t\t\t\t\t<div data-uk-grid=\"\" class=\"uk-grid uk-flex-1 uk-c-position-z-index-0\">\r\n\t\t\t<div class=\"de-column uk-position-relative uk-width-1-2@m\" style=\"z-index: 0 !important;\">\r\n\t<div class=\"uk-flex uk-c-flex-stretch uk-width-1-1\">\r\n\t\t<div class=\"uk-position-relative uk-width-1-1 uk-padding-small\">\r\n\t\t\t\t\t\t<div ><\/div>\r\n\t\t\t\t\t\t<div class=\"uk-flex-1\">\r\n\t\t\t\t<div data-uk-scrollspy=\"cls: uk-animation-scale-up; repeat: true;\" data-dahz-shortcode-key=\"1550241960970-947754d9-a584\" style=\"\" class=\"de-shortcode__wrapper de-shortcode__wrapper--google_maps uk-margin-uk-margin\">\r\n\t<div id=\"1550241960970-947754d9-a584\" class=\"\" style=\"width: 100%; height: 250px;\"><\/div>\r\n<script>\r\n\t!function($) {\r\n\t\tvar url = 'https:\/\/maps.googleapis.com\/maps\/api\/js?key=AIzaSyCihJoRgZjvdEN2x-CvuUcTDZuJvDv3vDc';\r\n\t\t$.getScript( url, function( data, textStatus, jqxhr ) {\r\n\t\t\tvar options = {\"api\":\"AIzaSyCihJoRgZjvdEN2x-CvuUcTDZuJvDv3vDc\",\"height\":\"250x\",\"type\":\"ROADMAP\",\"lat\":\"40.980973\",\"long\":\"28.781206\",\"zoom\":\"18\",\"scrollwheel\":\"\",\"streetviewcontrol\":\"true\",\"maptypecontrol\":\"true\",\"pancontrol\":\"true\",\"zoomcontrol\":\"true\",\"zoomcontrolsize\":\"LARGE\",\"disabledragmobile\":\"true\",\"infowindow\":\"K\\u00fcresel Hukuk\",\"style\":\"\",\"marker\":\"custom\",\"markericon\":\"860\",\"css_animation\":\"uk-animation-scale-up\",\"animation_parallax\":\"\",\"delay_animation\":\"\",\"repeat_animation\":\"true\",\"el_class\":\"\",\"margin\":\"-uk-margin\",\"remove_top_margin\":\"\",\"remove_bottom_margin\":\"\",\"visibility\":\"\",\"enable_dahz_lazy_shortcode\":\"\",\"dahz_id\":\"1550241960970-947754d9-a584\",\"trp_param_show\":\"\",\"trp_param_show_language\":\"\",\"trp_param_exclude\":\"\",\"trp_param_exclude_languages\":\"\",\"labels\":\"https:\\\/\\\/www.kureselhukuk.com\\\/wp-content\\\/uploads\\\/2019\\\/01\\\/mapo.png\",\"styles\":null},\r\n\t\t\t\t$container = document.getElementById( options.dahz_id );\r\n\t\t\toptions.lat = !isNaN( parseFloat( options.lat ) ) ? parseFloat( options.lat ) : 0;\r\n\t\t\toptions.long = !isNaN( parseFloat( options.lat ) ) ? parseFloat( options.long ) : 0;\r\n\t\t\toptions.styles = $.parseJSON( options.styles );\r\n\t\t\tvar map = new google.maps.Map(\r\n\t\t\t\t$container, {\r\n\t\t\t\t\tzoom              : parseInt( options.zoom ),\r\n\t\t\t\t\tcenter            : new google.maps.LatLng( options.lat, options.long ),\r\n\t\t\t\t\tmapTypeId         : google.maps.MapTypeId[options.type],\r\n\t\t\t\t\tstyles            : options.styles,\r\n\t\t\t\t\tstreetViewControl : options.streetviewcontrol,\r\n\t\t\t\t\tmapTypeControl    : options.maptypecontrol == 'true' ? true : false,\r\n\t\t\t\t\tpanControl        : options.pancontrol == 'true' ? true : false,\r\n\t\t\t\t\tzoomControl       : options.zoomcontrol == 'true' ? true : false,\r\n\t\t\t\t\tscrollwheel       : options.scrollwheel == 'true' ? false : true,\r\n\t\t\t\t\tdraggable         : options.disabledragmobile == 'true' && $(document).width() <= 641 ? false : true,\r\n\t\t\t\t\tzoomControlOptions\t: {\r\n\t\t\t\t\t\tstyle: google.maps.ZoomControlStyle[options.zoomcontrolsize]\r\n\t\t\t\t\t},\r\n\t\t\t\t}\r\n\t\t\t),\r\n\t\t\tmarker = new google.maps.Marker({\r\n\t\t\t\tposition: {\r\n\t\t\t\t\tlat: options.lat,\r\n\t\t\t\t\tlng: options.long\r\n\t\t\t\t},\r\n\t\t\t\ticon\t: options.labels\r\n\t\t\t});\r\n\t\t\tmarker.setMap( map );\r\n\t\t\tvar infowindow = new google.maps.InfoWindow({\r\n\t\t\t\tcontent: options.infowindow\r\n\t\t\t});\r\n\r\n\t\t\tmarker.addListener( 'click', function() {\r\n\t\t\t\tinfowindow.open( map, marker );\r\n\t\t\t});\r\n\t\t\t\r\n\t\t});\r\n\t}(window.jQuery);\r\n<\/script><\/div>\r\n<div class=\"uk-margin-uk-margin de-sc-separator de-sc-text-separator--left\">\r\n\t<div class=\"uk-grid-collapse uk-grid de-sc-text-separator\" data-uk-grid>\r\n\t\t<div class=\"uk-inline uk-hidden\" style=\"width: 80%\">\r\n\t\t\t\r\n\t<div class=\"uk-position-center uk-width-1\" style=\"border-style:none none solid none;border-width:1px;border-color:#726240;\"><\/div>\r\n\t\t\t<\/div>\r\n\t\t\r\n\t\t\t\t<div class=\"uk-width-auto uk-padding uk-flex-first uk-padding-remove-left\">\r\n\t\t\t\t\t<h6 style=\"color:#726240;\">\r\n\t\t\t\t\t\tContact\r\n\t\t\t\t\t<\/h6>\r\n\t\t\t\t<\/div>\r\n\t\t\t\t\t\t<div class=\"uk-inline\" style=\"width: 80%\">\r\n\t\t\t\r\n\t<div class=\"uk-position-center uk-width-1\" style=\"border-style:none none solid none;border-width:1px;border-color:#726240;\"><\/div>\r\n\t\t\t<\/div>\r\n\t<\/div>\r\n<\/div>\r\n<div style=\"\" class=\"uk-position-relative uk-margin\">\r\n\t\t\t<div class=\"de-textblock-wrapper\">\r\n\t\t<p>For information about our fields of activity, you can contact us via call and message from our contact information. You can consult us on all your legal actions.<\/p>\n\t<\/div>\r\n<\/div><div data-uk-scrollspy=\"cls: uk-animation-fade;\" data-dahz-shortcode-key=\"1547478273193-15717b80-b5d0\" style=\"\" class=\"de-shortcode__wrapper de-shortcode__wrapper--social_media uk-margin-uk-margin-medium\">\r\n\t<div class=\"de-sc-social-media uk-flex de-sc-social-media--outline uk-flex-left de-sc-social-media--default\">\r\n\r\n<div class=\"site-branding uk-flex uk-flex-wrap de-social-accounts de-social-accounts--horizontal\">\r\n\t\t\t\t\t\t<a aria-label=\"Instagram\" href=\"https:\/\/www.instagram.com\/kureselhukuk\/\" class=\"de-social-accounts__icon de-social-accounts__icon--default\" title=\"Follow Us on Instagram\">\r\n\t\t\t\t\t\t\t<i data-uk-icon=\"icon:instagram;ratio:1.2;\"><\/i>\r\n\t\t\t\t\t\t\t\r\n\t\t\t\t\t\t<\/a>\r\n\t\t\t\t\t\t\r\n\t\t\t\t\t\t<a aria-label=\"LinkedIn\" href=\"https:\/\/www.linkedin.com\/company\/kuresel-hukuk\/\" class=\"de-social-accounts__icon de-social-accounts__icon--default\" title=\"Follow Us on LinkedIn\">\r\n\t\t\t\t\t\t\t<i data-uk-icon=\"icon:linkedin;ratio:1.2;\"><\/i>\r\n\t\t\t\t\t\t\t\r\n\t\t\t\t\t\t<\/a>\r\n\t\t\t\t\t\t\r\n\t\t\t\t\t\t<a aria-label=\"Pinterest\" href=\"https:\/\/tr.pinterest.com\/kureselhukuk\/\" class=\"de-social-accounts__icon de-social-accounts__icon--default\" title=\"Follow Us on Pinterest\">\r\n\t\t\t\t\t\t\t<i data-uk-icon=\"icon:pinterest;ratio:1.2;\"><\/i>\r\n\t\t\t\t\t\t\t\r\n\t\t\t\t\t\t<\/a>\r\n\t\t\t\t\t\t\r\n\t\t\t\t\t\t<a aria-label=\"Facebook\" href=\"https:\/\/www.facebook.com\/kureselhukukcom\" class=\"de-social-accounts__icon de-social-accounts__icon--default\" title=\"Follow Us on Facebook\">\r\n\t\t\t\t\t\t\t<i data-uk-icon=\"icon:facebook;ratio:1.2;\"><\/i>\r\n\t\t\t\t\t\t\t\r\n\t\t\t\t\t\t<\/a>\r\n\t\t\t\t\t\t\r\n\t\t\t\t\t\t<a aria-label=\"Twitter\" href=\"https:\/\/twitter.com\/kureselhukuk\" class=\"de-social-accounts__icon de-social-accounts__icon--default\" title=\"Follow Us on Twitter\">\r\n\t\t\t\t\t\t\t<i data-uk-icon=\"icon:twitter;ratio:1.2;\"><\/i>\r\n\t\t\t\t\t\t\t\r\n\t\t\t\t\t\t<\/a>\r\n\t\t\t\t\t\t<\/div><\/div>\r\n<\/div>\r\n\t\t\t<\/div>\r\n\t\t<\/div>\r\n\t<\/div>\r\n<\/div><div class=\"de-column uk-position-relative uk-width-1-4@m\" style=\"z-index: 0 !important;\">\r\n\t<div class=\"uk-flex uk-c-flex-stretch uk-width-1-1\">\r\n\t\t<div class=\"uk-position-relative uk-width-1-1 uk-padding-small\">\r\n\t\t\t\t\t\t<div ><\/div>\r\n\t\t\t\t\t\t<div class=\"uk-flex-1\">\r\n\t\t\t\t<div class=\"uk-margin-uk-margin de-sc-separator de-sc-text-separator--left\">\r\n\t<div class=\"uk-grid-collapse uk-grid de-sc-text-separator\" data-uk-grid>\r\n\t\t<div class=\"uk-inline uk-hidden\" style=\"width: 80%\">\r\n\t\t\t\r\n\t<div class=\"uk-position-center uk-width-1\" style=\"border-style:none none solid none;border-width:1px;border-color:#726240;\"><\/div>\r\n\t\t\t<\/div>\r\n\t\t\r\n\t\t\t\t<div class=\"uk-width-auto uk-padding uk-flex-first uk-padding-remove-left\">\r\n\t\t\t\t\t<h6 style=\"color:#726240;\">\r\n\t\t\t\t\t\tK\u00fcresel Hukuk &amp; Dan\u0131\u015fmanl\u0131k\r\n\t\t\t\t\t<\/h6>\r\n\t\t\t\t<\/div>\r\n\t\t\t\t\t\t<div class=\"uk-inline\" style=\"width: 80%\">\r\n\t\t\t\r\n\t<div class=\"uk-position-center uk-width-1\" style=\"border-style:none none solid none;border-width:1px;border-color:#726240;\"><\/div>\r\n\t\t\t<\/div>\r\n\t<\/div>\r\n<\/div>\r\n<div style=\"\" class=\"uk-position-relative uk-margin\">\r\n\t\t\t<div class=\"de-textblock-wrapper\">\r\n\t\t<h5><\/h5>\n<p>34153 Bas\u0131nk\u00f6y Mahallesi<br \/>\nElif Sokak No: 6\/4<br \/>\nFlorya &#8211; Bak\u0131rk\u00f6y &#8211; \u0130stanbul<\/p>\n<p>+90 212 482 20 46<\/p>\n<p>info@kureselhukuk.com<\/p>\n\t<\/div>\r\n<\/div>\t\t\t<\/div>\r\n\t\t<\/div>\r\n\t<\/div>\r\n<\/div>\t\t<\/div>\r\n\t<\/div>\r\n<\/div><div class=\"uk-margin\">\r\n\t<div class=\"de-row uk-container uk-position-relative\" style=\"z-index: 0 !important;\">\r\n\t\t\t\t\t\t\t\t\t\t<div data-uk-grid=\"\" class=\"uk-grid uk-flex-1 uk-c-position-z-index-0\">\r\n\t\t\t<div class=\"de-column uk-position-relative uk-width-1-1@m\" style=\"z-index: 0 !important;\">\r\n\t<div class=\"uk-flex uk-c-flex-stretch uk-width-1-1\">\r\n\t\t<div class=\"uk-position-relative uk-width-1-1 uk-padding-remove\">\r\n\t\t\t\t\t\t<div ><\/div>\r\n\t\t\t\t\t\t<div class=\"uk-flex-1\">\r\n\t\t\t\t\t\t\t<\/div>\r\n\t\t<\/div>\r\n\t<\/div>\r\n<\/div>\t\t<\/div>\r\n\t<\/div>\r\n<\/div><\/div>","protected":false},"excerpt":{"rendered":"!function($) { var url = 'https:\/\/maps.googleapis.com\/maps\/api\/js?key=AIzaSyCihJoRgZjvdEN2x-CvuUcTDZuJvDv3vDc'; $.getScript( url, function( data, textStatus, jqxhr ) { var options = {\"api\":\"AIzaSyCihJoRgZjvdEN2x-CvuUcTDZuJvDv3vDc\",\"height\":\"250x\",\"type\":\"ROADMAP\",\"lat\":\"40.980973\",\"long\":\"28.781206\",\"zoom\":\"18\",\"scrollwheel\":\"\",\"streetviewcontrol\":\"true\",\"maptypecontrol\":\"true\",\"pancontrol\":\"true\",\"zoomcontrol\":\"true\",\"zoomcontrolsize\":\"LARGE\",\"disabledragmobile\":\"true\",\"infowindow\":\"K\\u00fcresel Hukuk\",\"style\":\"\",\"marker\":\"custom\",\"markericon\":\"860\",\"css_animation\":\"uk-animation-scale-up\",\"animation_parallax\":\"\",\"delay_animation\":\"\",\"repeat_animation\":\"true\",\"el_class\":\"\",\"margin\":\"-uk-margin\",\"remove_top_margin\":\"\",\"remove_bottom_margin\":\"\",\"visibility\":\"\",\"enable_dahz_lazy_shortcode\":\"\",\"dahz_id\":\"1550241960970-947754d9-a584\",\"trp_param_show\":\"\",\"trp_param_show_language\":\"\",\"trp_param_exclude\":\"\",\"trp_param_exclude_languages\":\"\",\"labels\":\"https:\\\/\\\/www.kureselhukuk.com\\\/wp-content\\\/uploads\\\/2019\\\/01\\\/mapo.png\",\"styles\":null}, $container = document.getElementById( options.dahz_id ); options.lat = !isNaN( parseFloat( options.lat ) ) ? parseFloat( options.lat ) : 0; options.long = !isNaN( parseFloat( options.lat ) ) ? parseFloat( options.long ) : 0; options.styles = $.parseJSON( options.styles );","protected":false},"author":1,"featured_media":0,"parent":0,"menu_order":0,"comment_status":"closed","ping_status":"closed","template":"","meta":[],"yoast_head":"<!-- This site is optimized with the Yoast SEO Premium plugin v16.1 (Yoast SEO v16.4) - https:\/\/yoast.com\/wordpress\/plugins\/seo\/ -->\n<title>\u0130leti\u015fim<\/title>\n<meta name=\"description\" content=\"K\u00fcresel Hukuk adresi, telefon numaras\u0131, fax numaras\u0131, ileti\u015fim\" \/>\n<meta name=\"robots\" content=\"index, follow, max-snippet:-1, max-image-preview:large, max-video-preview:-1\" \/>\n<link rel=\"canonical\" href=\"https:\/\/www.kureselhukuk.com\/en\/iletisim\/\" \/>\n<meta property=\"og:locale\" content=\"en_US\" \/>\n<meta property=\"og:type\" content=\"article\" \/>\n<meta property=\"og:title\" content=\"\u0130leti\u015fim\" \/>\n<meta property=\"og:description\" content=\"K\u00fcresel Hukuk adresi, telefon numaras\u0131, fax numaras\u0131, ileti\u015fim\" \/>\n<meta property=\"og:url\" content=\"https:\/\/www.kureselhukuk.com\/en\/iletisim\/\" \/>\n<meta property=\"og:site_name\" content=\"K\u00fcresel Hukuk\" \/>\n<meta property=\"article:publisher\" content=\"https:\/\/www.facebook.com\/kureselhukukcom\" \/>\n<meta property=\"article:modified_time\" content=\"2019-03-28T14:19:03+00:00\" \/>\n<meta name=\"twitter:card\" content=\"summary_large_image\" \/>\n<meta name=\"twitter:site\" content=\"@kureselhukuk\" \/>\n<meta name=\"twitter:label1\" content=\"Est. reading time\" \/>\n\t<meta name=\"twitter:data1\" content=\"2 minutes\" \/>\n<script type=\"application\/ld+json\" class=\"yoast-schema-graph\">{\"@context\":\"https:\/\/schema.org\",\"@graph\":[{\"@type\":\"Organization\",\"@id\":\"https:\/\/www.kureselhukuk.com\/#organization\",\"name\":\"K\\u00fcresel Hukuk & Dan\\u0131\\u015fmanl\\u0131k\",\"url\":\"https:\/\/www.kureselhukuk.com\/\",\"sameAs\":[\"https:\/\/www.facebook.com\/kureselhukukcom\",\"https:\/\/www.instagram.com\/kureselhukuk\/\",\"https:\/\/www.linkedin.com\/company\/kuresel-hukuk\/\",\"https:\/\/www.youtube.com\/channel\/UCcLrg5tKOtPsBVzIHkg5RFA\",\"https:\/\/twitter.com\/kureselhukuk\"],\"logo\":{\"@type\":\"ImageObject\",\"@id\":\"https:\/\/www.kureselhukuk.com\/#logo\",\"inLanguage\":\"en-US\",\"url\":\"https:\/\/www.kureselhukuk.com\/wp-content\/uploads\/2019\/01\/Untitled-1.png\",\"contentUrl\":\"https:\/\/www.kureselhukuk.com\/wp-content\/uploads\/2019\/01\/Untitled-1.png\",\"width\":594,\"height\":178,\"caption\":\"K\\u00fcresel Hukuk & Dan\\u0131\\u015fmanl\\u0131k\"},\"image\":{\"@id\":\"https:\/\/www.kureselhukuk.com\/#logo\"}},{\"@type\":\"WebSite\",\"@id\":\"https:\/\/www.kureselhukuk.com\/#website\",\"url\":\"https:\/\/www.kureselhukuk.com\/\",\"name\":\"K\\u00fcresel Hukuk\",\"description\":\"&quot;Adalet vaat de\\u011fildir&quot;\",\"publisher\":{\"@id\":\"https:\/\/www.kureselhukuk.com\/#organization\"},\"potentialAction\":[{\"@type\":\"SearchAction\",\"target\":\"https:\/\/www.kureselhukuk.com\/?s={search_term_string}\",\"query-input\":\"required name=search_term_string\"}],\"inLanguage\":\"en-US\"},{\"@type\":\"WebPage\",\"@id\":\"https:\/\/www.kureselhukuk.com\/iletisim\/#webpage\",\"url\":\"https:\/\/www.kureselhukuk.com\/iletisim\/\",\"name\":\"\\u0130leti\\u015fim\",\"isPartOf\":{\"@id\":\"https:\/\/www.kureselhukuk.com\/#website\"},\"datePublished\":\"2018-04-16T02:09:08+00:00\",\"dateModified\":\"2019-03-28T14:19:03+00:00\",\"description\":\"K\\u00fcresel Hukuk adresi, telefon numaras\\u0131, fax numaras\\u0131, ileti\\u015fim\",\"breadcrumb\":{\"@id\":\"https:\/\/www.kureselhukuk.com\/iletisim\/#breadcrumb\"},\"inLanguage\":\"en-US\",\"potentialAction\":[{\"@type\":\"ReadAction\",\"target\":[\"https:\/\/www.kureselhukuk.com\/iletisim\/\"]}]},{\"@type\":\"BreadcrumbList\",\"@id\":\"https:\/\/www.kureselhukuk.com\/iletisim\/#breadcrumb\",\"itemListElement\":[{\"@type\":\"ListItem\",\"position\":1,\"item\":{\"@type\":\"WebPage\",\"@id\":\"https:\/\/www.kureselhukuk.com\/\",\"url\":\"https:\/\/www.kureselhukuk.com\/\",\"name\":\"Ana sayfa\"}},{\"@type\":\"ListItem\",\"position\":2,\"item\":{\"@id\":\"https:\/\/www.kureselhukuk.com\/iletisim\/#webpage\"}}]}]}<\/script>\n<!-- \/ Yoast SEO Premium plugin. -->","_links":{"self":[{"href":"https:\/\/www.kureselhukuk.com\/en\/wp-json\/wp\/v2\/pages\/409"}],"collection":[{"href":"https:\/\/www.kureselhukuk.com\/en\/wp-json\/wp\/v2\/pages"}],"about":[{"href":"https:\/\/www.kureselhukuk.com\/en\/wp-json\/wp\/v2\/types\/page"}],"author":[{"embeddable":true,"href":"https:\/\/www.kureselhukuk.com\/en\/wp-json\/wp\/v2\/users\/1"}],"replies":[{"embeddable":true,"href":"https:\/\/www.kureselhukuk.com\/en\/wp-json\/wp\/v2\/comments?post=409"}],"version-history":[{"count":1,"href":"https:\/\/www.kureselhukuk.com\/en\/wp-json\/wp\/v2\/pages\/409\/revisions"}],"predecessor-version":[{"id":2744,"href":"https:\/\/www.kureselhukuk.com\/en\/wp-json\/wp\/v2\/pages\/409\/revisions\/2744"}],"wp:attachment":[{"href":"https:\/\/www.kureselhukuk.com\/en\/wp-json\/wp\/v2\/media?parent=409"}],"curies":[{"name":"wp","href":"https:\/\/api.w.org\/{rel}","templated":true}]}}