{"id":3477,"date":"2020-11-21T01:27:47","date_gmt":"2020-11-20T22:27:47","guid":{"rendered":"https:\/\/www.kureselhukuk.com\/?page_id=3477"},"modified":"2020-11-21T01:27:48","modified_gmt":"2020-11-20T22:27:48","slug":"hukuki-terimler","status":"publish","type":"page","link":"https:\/\/www.kureselhukuk.com\/en\/hukuki-terimler\/","title":{"rendered":"Hukuki Terimler"},"content":{"rendered":"<p>Hukuki terimler meslek hayat\u0131m\u0131zda ve sosyal ya\u015fant\u0131m\u0131zda s\u0131k\u00e7a kar\u015f\u0131m\u0131za \u00e7\u0131kmakla birlikte; hakk\u0131nda bilgi sahibi olmad\u0131\u011f\u0131m\u0131z bir\u00e7ok kavram bize \u00e7o\u011fu zaman s\u00f6zl\u00fck a\u00e7t\u0131r\u0131r. Konuya ili\u015fkin daha fazla hukuki terime a\u015fina olabilmek ad\u0131na K\u00fcresel Hukuk &amp; Dan\u0131\u015fmanl\u0131k <a href=\"http:\/\/instagram.com\/kureselhukuk\">sosyal medya <\/a>mecralar\u0131nda d\u00fczenli olarak hukuk terimlerine yer verilmektedir. <\/p>\n\n\n\n<p>Konuya ili\u015fkin yap\u0131lan payla\u015f\u0131mlar \u00f6zellikle tan\u0131m ve k\u0131smen madde i\u00e7erisinde yer ald\u0131\u011f\u0131\/ ili\u015fkilendirildi\u011fi kanunla takip\u00e7ilere sunulmaktad\u0131r.<\/p>\n\n\n\n<div class=\"wp-block-group\"><div class=\"wp-block-group__inner-container\">\n<figure class=\"wp-block-gallery columns-3 is-cropped\"><ul class=\"blocks-gallery-grid\"><li class=\"blocks-gallery-item\"><figure><img loading=\"lazy\" width=\"1024\" height=\"1024\" src=\"https:\/\/www.kureselhukuk.com\/wp-content\/uploads\/2020\/11\/1-1024x1024.jpg\" alt=\"\" data-id=\"3478\" data-full-url=\"https:\/\/www.kureselhukuk.com\/wp-content\/uploads\/2020\/11\/1.jpg\" data-link=\"https:\/\/www.kureselhukuk.com\/?attachment_id=3478\" class=\"wp-image-3478\" srcset=\"https:\/\/www.kureselhukuk.com\/wp-content\/uploads\/2020\/11\/1-1024x1024.jpg 1024w, https:\/\/www.kureselhukuk.com\/wp-content\/uploads\/2020\/11\/1-300x300.jpg 300w, https:\/\/www.kureselhukuk.com\/wp-content\/uploads\/2020\/11\/1-150x150.jpg 150w, https:\/\/www.kureselhukuk.com\/wp-content\/uploads\/2020\/11\/1-768x768.jpg 768w, https:\/\/www.kureselhukuk.com\/wp-content\/uploads\/2020\/11\/1-100x100.jpg 100w, https:\/\/www.kureselhukuk.com\/wp-content\/uploads\/2020\/11\/1.jpg 1200w\" sizes=\"(max-width: 1024px) 100vw, 1024px\" \/><\/figure><\/li><li class=\"blocks-gallery-item\"><figure><img loading=\"lazy\" width=\"1024\" height=\"1024\" src=\"https:\/\/www.kureselhukuk.com\/wp-content\/uploads\/2020\/11\/1s-1024x1024.jpg\" alt=\"\" data-id=\"3479\" data-full-url=\"https:\/\/www.kureselhukuk.com\/wp-content\/uploads\/2020\/11\/1s.jpg\" data-link=\"https:\/\/www.kureselhukuk.com\/?attachment_id=3479\" class=\"wp-image-3479\" srcset=\"https:\/\/www.kureselhukuk.com\/wp-content\/uploads\/2020\/11\/1s-1024x1024.jpg 1024w, https:\/\/www.kureselhukuk.com\/wp-content\/uploads\/2020\/11\/1s-300x300.jpg 300w, https:\/\/www.kureselhukuk.com\/wp-content\/uploads\/2020\/11\/1s-150x150.jpg 150w, https:\/\/www.kureselhukuk.com\/wp-content\/uploads\/2020\/11\/1s-768x768.jpg 768w, https:\/\/www.kureselhukuk.com\/wp-content\/uploads\/2020\/11\/1s-100x100.jpg 100w, https:\/\/www.kureselhukuk.com\/wp-content\/uploads\/2020\/11\/1s.jpg 1200w\" sizes=\"(max-width: 1024px) 100vw, 1024px\" \/><\/figure><\/li><li class=\"blocks-gallery-item\"><figure><img loading=\"lazy\" width=\"1024\" height=\"1024\" src=\"https:\/\/www.kureselhukuk.com\/wp-content\/uploads\/2020\/11\/2s-1024x1024.jpg\" alt=\"\" data-id=\"3480\" data-full-url=\"https:\/\/www.kureselhukuk.com\/wp-content\/uploads\/2020\/11\/2s.jpg\" data-link=\"https:\/\/www.kureselhukuk.com\/?attachment_id=3480\" class=\"wp-image-3480\" srcset=\"https:\/\/www.kureselhukuk.com\/wp-content\/uploads\/2020\/11\/2s-1024x1024.jpg 1024w, https:\/\/www.kureselhukuk.com\/wp-content\/uploads\/2020\/11\/2s-300x300.jpg 300w, https:\/\/www.kureselhukuk.com\/wp-content\/uploads\/2020\/11\/2s-150x150.jpg 150w, https:\/\/www.kureselhukuk.com\/wp-content\/uploads\/2020\/11\/2s-768x768.jpg 768w, https:\/\/www.kureselhukuk.com\/wp-content\/uploads\/2020\/11\/2s-100x100.jpg 100w, https:\/\/www.kureselhukuk.com\/wp-content\/uploads\/2020\/11\/2s.jpg 1200w\" sizes=\"(max-width: 1024px) 100vw, 1024px\" \/><\/figure><\/li><li class=\"blocks-gallery-item\"><figure><img loading=\"lazy\" width=\"1024\" height=\"1024\" src=\"https:\/\/www.kureselhukuk.com\/wp-content\/uploads\/2020\/11\/2s-1024x1024.jpg\" alt=\"Hukuki Terimler\" data-id=\"3480\" data-full-url=\"https:\/\/www.kureselhukuk.com\/wp-content\/uploads\/2020\/11\/2s.jpg\" data-link=\"https:\/\/www.kureselhukuk.com\/?attachment_id=3480\" class=\"wp-image-3480\" srcset=\"https:\/\/www.kureselhukuk.com\/wp-content\/uploads\/2020\/11\/2s-1024x1024.jpg 1024w, https:\/\/www.kureselhukuk.com\/wp-content\/uploads\/2020\/11\/2s-300x300.jpg 300w, https:\/\/www.kureselhukuk.com\/wp-content\/uploads\/2020\/11\/2s-150x150.jpg 150w, https:\/\/www.kureselhukuk.com\/wp-content\/uploads\/2020\/11\/2s-768x768.jpg 768w, https:\/\/www.kureselhukuk.com\/wp-content\/uploads\/2020\/11\/2s-100x100.jpg 100w, https:\/\/www.kureselhukuk.com\/wp-content\/uploads\/2020\/11\/2s.jpg 1200w\" sizes=\"(max-width: 1024px) 100vw, 1024px\" \/><\/figure><\/li><li class=\"blocks-gallery-item\"><figure><img loading=\"lazy\" width=\"1024\" height=\"1024\" src=\"https:\/\/www.kureselhukuk.com\/wp-content\/uploads\/2020\/11\/hukuk-sozlugu-1024x1024.jpg\" alt=\"\" data-id=\"3482\" data-full-url=\"https:\/\/www.kureselhukuk.com\/wp-content\/uploads\/2020\/11\/hukuk-sozlugu.jpg\" data-link=\"https:\/\/www.kureselhukuk.com\/?attachment_id=3482\" class=\"wp-image-3482\" srcset=\"https:\/\/www.kureselhukuk.com\/wp-content\/uploads\/2020\/11\/hukuk-sozlugu-1024x1024.jpg 1024w, https:\/\/www.kureselhukuk.com\/wp-content\/uploads\/2020\/11\/hukuk-sozlugu-300x300.jpg 300w, https:\/\/www.kureselhukuk.com\/wp-content\/uploads\/2020\/11\/hukuk-sozlugu-150x150.jpg 150w, https:\/\/www.kureselhukuk.com\/wp-content\/uploads\/2020\/11\/hukuk-sozlugu-768x768.jpg 768w, https:\/\/www.kureselhukuk.com\/wp-content\/uploads\/2020\/11\/hukuk-sozlugu-100x100.jpg 100w, https:\/\/www.kureselhukuk.com\/wp-content\/uploads\/2020\/11\/hukuk-sozlugu.jpg 1200w\" sizes=\"(max-width: 1024px) 100vw, 1024px\" \/><\/figure><\/li><\/ul><figcaption class=\"blocks-gallery-caption\">Hukuki Terimler ilk olarak bu \u015fekilde yay\u0131nland\u0131.<\/figcaption><\/figure>\n<\/div><\/div>\n\n\n\n<h2 id=\"h-mecralarda-hukuki-terimler\">Mecralarda Hukuki Terimler<\/h2>\n\n\n\n<p><a href=\"https:\/\/www.kureselhukuk.com\/en\/hakkimizda\/\">K\u00fcresel Hukuk<\/a> sosyal medya <a href=\"https:\/\/tr.pinterest.com\/kureselhukuk\/\">mecralar\u0131nda<\/a> ilk \u00f6nce basit tan\u0131mlar\u0131yla yer bulan Hukuki terimler daha sonra kanun maddelerince ya da kanuna konu olan bi\u00e7imde payla\u015f\u0131larak daha fazla bilgi aktarmay\u0131 ama\u00e7lam\u0131\u015ft\u0131r. Daha sonra sosyal medya mecralar\u0131m\u0131z\u0131n tamam\u0131nda bu terimlere d\u00fczenli olarak yer verilmi\u015ftir.<\/p>\n\n\n\n<p><\/p>","protected":false},"excerpt":{"rendered":"<p>Hukuki terimler meslek hayat\u0131m\u0131zda ve sosyal ya\u015fant\u0131m\u0131zda s\u0131k\u00e7a kar\u015f\u0131m\u0131za \u00e7\u0131kmakla birlikte; hakk\u0131nda bilgi sahibi olmad\u0131\u011f\u0131m\u0131z bir\u00e7ok kavram bize \u00e7o\u011fu zaman s\u00f6zl\u00fck a\u00e7t\u0131r\u0131r. Konuya ili\u015fkin daha fazla hukuki terime a\u015fina olabilmek ad\u0131na K\u00fcresel Hukuk &amp; Dan\u0131\u015fmanl\u0131k sosyal medya mecralar\u0131nda d\u00fczenli olarak hukuk terimlerine yer verilmektedir. Konuya ili\u015fkin yap\u0131lan payla\u015f\u0131mlar \u00f6zellikle tan\u0131m ve k\u0131smen madde i\u00e7erisinde yer<\/p>","protected":false},"author":1,"featured_media":0,"parent":0,"menu_order":0,"comment_status":"closed","ping_status":"closed","template":"","meta":[],"yoast_head":"<!-- This site is optimized with the Yoast SEO Premium plugin v16.1 (Yoast SEO v16.4) - https:\/\/yoast.com\/wordpress\/plugins\/seo\/ -->\n<title>Hukuki Terimler &ndash; K\u00fcresel Hukuk | Hukuk Terimleri S\u00f6zl\u00fc\u011f\u00fc<\/title>\n<meta name=\"description\" content=\"K\u00fcresel Hukuki Terimler S\u00f6zl\u00fc\u011f\u00fc sosyal medya mecralar\u0131m\u0131zda d\u00fczenli olarak yay\u0131na devam eden s\u00f6zc\u00fclerimize dikkat \u00e7ekmek istedik.\" \/>\n<meta name=\"robots\" content=\"index, follow, max-snippet:-1, max-image-preview:large, max-video-preview:-1\" \/>\n<link rel=\"canonical\" href=\"https:\/\/www.kureselhukuk.com\/en\/hukuki-terimler\/\" \/>\n<meta property=\"og:locale\" content=\"en_US\" \/>\n<meta property=\"og:type\" content=\"article\" \/>\n<meta property=\"og:title\" content=\"Hukuki Terimler &ndash; K\u00fcresel Hukuk | Hukuk Terimleri S\u00f6zl\u00fc\u011f\u00fc\" \/>\n<meta property=\"og:description\" content=\"K\u00fcresel Hukuki Terimler S\u00f6zl\u00fc\u011f\u00fc sosyal medya mecralar\u0131m\u0131zda d\u00fczenli olarak yay\u0131na devam eden s\u00f6zc\u00fclerimize dikkat \u00e7ekmek istedik.\" \/>\n<meta property=\"og:url\" content=\"https:\/\/www.kureselhukuk.com\/en\/hukuki-terimler\/\" \/>\n<meta property=\"og:site_name\" content=\"K\u00fcresel Hukuk\" \/>\n<meta property=\"article:publisher\" content=\"https:\/\/www.facebook.com\/kureselhukukcom\" \/>\n<meta property=\"article:modified_time\" content=\"2020-11-20T22:27:48+00:00\" \/>\n<meta property=\"og:image\" content=\"https:\/\/www.kureselhukuk.com\/wp-content\/uploads\/2020\/11\/1-1024x1024.jpg\" \/>\n<meta name=\"twitter:card\" content=\"summary_large_image\" \/>\n<meta name=\"twitter:site\" content=\"@kureselhukuk\" \/>\n<meta name=\"twitter:label1\" content=\"Est. reading time\" \/>\n\t<meta name=\"twitter:data1\" content=\"1 minute\" \/>\n<script type=\"application\/ld+json\" class=\"yoast-schema-graph\">{\"@context\":\"https:\/\/schema.org\",\"@graph\":[{\"@type\":\"Organization\",\"@id\":\"https:\/\/www.kureselhukuk.com\/#organization\",\"name\":\"K\\u00fcresel Hukuk & Dan\\u0131\\u015fmanl\\u0131k\",\"url\":\"https:\/\/www.kureselhukuk.com\/\",\"sameAs\":[\"https:\/\/www.facebook.com\/kureselhukukcom\",\"https:\/\/www.instagram.com\/kureselhukuk\/\",\"https:\/\/www.linkedin.com\/company\/kuresel-hukuk\/\",\"https:\/\/www.youtube.com\/channel\/UCcLrg5tKOtPsBVzIHkg5RFA\",\"https:\/\/twitter.com\/kureselhukuk\"],\"logo\":{\"@type\":\"ImageObject\",\"@id\":\"https:\/\/www.kureselhukuk.com\/#logo\",\"inLanguage\":\"en-US\",\"url\":\"https:\/\/www.kureselhukuk.com\/wp-content\/uploads\/2019\/01\/Untitled-1.png\",\"contentUrl\":\"https:\/\/www.kureselhukuk.com\/wp-content\/uploads\/2019\/01\/Untitled-1.png\",\"width\":594,\"height\":178,\"caption\":\"K\\u00fcresel Hukuk & Dan\\u0131\\u015fmanl\\u0131k\"},\"image\":{\"@id\":\"https:\/\/www.kureselhukuk.com\/#logo\"}},{\"@type\":\"WebSite\",\"@id\":\"https:\/\/www.kureselhukuk.com\/#website\",\"url\":\"https:\/\/www.kureselhukuk.com\/\",\"name\":\"K\\u00fcresel Hukuk\",\"description\":\"&quot;Adalet vaat de\\u011fildir&quot;\",\"publisher\":{\"@id\":\"https:\/\/www.kureselhukuk.com\/#organization\"},\"potentialAction\":[{\"@type\":\"SearchAction\",\"target\":\"https:\/\/www.kureselhukuk.com\/?s={search_term_string}\",\"query-input\":\"required name=search_term_string\"}],\"inLanguage\":\"en-US\"},{\"@type\":\"ImageObject\",\"@id\":\"https:\/\/www.kureselhukuk.com\/hukuki-terimler\/#primaryimage\",\"inLanguage\":\"en-US\",\"url\":\"https:\/\/www.kureselhukuk.com\/wp-content\/uploads\/2020\/11\/1.jpg\",\"contentUrl\":\"https:\/\/www.kureselhukuk.com\/wp-content\/uploads\/2020\/11\/1.jpg\",\"width\":1200,\"height\":1200,\"caption\":\"Hukuki Terimler\"},{\"@type\":\"WebPage\",\"@id\":\"https:\/\/www.kureselhukuk.com\/hukuki-terimler\/#webpage\",\"url\":\"https:\/\/www.kureselhukuk.com\/hukuki-terimler\/\",\"name\":\"Hukuki Terimler &ndash; K\\u00fcresel Hukuk | Hukuk Terimleri S\\u00f6zl\\u00fc\\u011f\\u00fc\",\"isPartOf\":{\"@id\":\"https:\/\/www.kureselhukuk.com\/#website\"},\"primaryImageOfPage\":{\"@id\":\"https:\/\/www.kureselhukuk.com\/hukuki-terimler\/#primaryimage\"},\"datePublished\":\"2020-11-20T22:27:47+00:00\",\"dateModified\":\"2020-11-20T22:27:48+00:00\",\"description\":\"K\\u00fcresel Hukuki Terimler S\\u00f6zl\\u00fc\\u011f\\u00fc sosyal medya mecralar\\u0131m\\u0131zda d\\u00fczenli olarak yay\\u0131na devam eden s\\u00f6zc\\u00fclerimize dikkat \\u00e7ekmek istedik.\",\"breadcrumb\":{\"@id\":\"https:\/\/www.kureselhukuk.com\/hukuki-terimler\/#breadcrumb\"},\"inLanguage\":\"en-US\",\"potentialAction\":[{\"@type\":\"ReadAction\",\"target\":[\"https:\/\/www.kureselhukuk.com\/hukuki-terimler\/\"]}]},{\"@type\":\"BreadcrumbList\",\"@id\":\"https:\/\/www.kureselhukuk.com\/hukuki-terimler\/#breadcrumb\",\"itemListElement\":[{\"@type\":\"ListItem\",\"position\":1,\"item\":{\"@type\":\"WebPage\",\"@id\":\"https:\/\/www.kureselhukuk.com\/\",\"url\":\"https:\/\/www.kureselhukuk.com\/\",\"name\":\"Ana sayfa\"}},{\"@type\":\"ListItem\",\"position\":2,\"item\":{\"@id\":\"https:\/\/www.kureselhukuk.com\/hukuki-terimler\/#webpage\"}}]}]}<\/script>\n<!-- \/ Yoast SEO Premium plugin. -->","_links":{"self":[{"href":"https:\/\/www.kureselhukuk.com\/en\/wp-json\/wp\/v2\/pages\/3477"}],"collection":[{"href":"https:\/\/www.kureselhukuk.com\/en\/wp-json\/wp\/v2\/pages"}],"about":[{"href":"https:\/\/www.kureselhukuk.com\/en\/wp-json\/wp\/v2\/types\/page"}],"author":[{"embeddable":true,"href":"https:\/\/www.kureselhukuk.com\/en\/wp-json\/wp\/v2\/users\/1"}],"replies":[{"embeddable":true,"href":"https:\/\/www.kureselhukuk.com\/en\/wp-json\/wp\/v2\/comments?post=3477"}],"version-history":[{"count":2,"href":"https:\/\/www.kureselhukuk.com\/en\/wp-json\/wp\/v2\/pages\/3477\/revisions"}],"predecessor-version":[{"id":3484,"href":"https:\/\/www.kureselhukuk.com\/en\/wp-json\/wp\/v2\/pages\/3477\/revisions\/3484"}],"wp:attachment":[{"href":"https:\/\/www.kureselhukuk.com\/en\/wp-json\/wp\/v2\/media?parent=3477"}],"curies":[{"name":"wp","href":"https:\/\/api.w.org\/{rel}","templated":true}]}}