{"id":3262,"date":"2020-01-07T12:21:47","date_gmt":"2020-01-07T09:21:47","guid":{"rendered":"https:\/\/www.kureselhukuk.com\/?page_id=3262"},"modified":"2020-01-20T09:02:18","modified_gmt":"2020-01-20T06:02:18","slug":"faaliyetler","status":"publish","type":"page","link":"https:\/\/www.kureselhukuk.com\/en\/faaliyetler\/","title":{"rendered":"Activities"},"content":{"rendered":"<div class=\"uk-margin\">\r\n\t<div class=\"de-row uk-container uk-position-relative\" style=\"z-index: 0 !important;\">\r\n\t\t\t\t\t\t\t\t\t\t<div data-uk-grid=\"\" class=\"uk-grid uk-flex-1 uk-c-position-z-index-0\">\r\n\t\t\t<div class=\"de-column uk-position-relative uk-width-1-1@m\" style=\"z-index: 0 !important;\">\r\n\t<div class=\"uk-flex uk-c-flex-stretch uk-width-1-1\">\r\n\t\t<div class=\"uk-position-relative uk-width-1-1 uk-padding-remove\">\r\n\t\t\t\t\t\t<div ><\/div>\r\n\t\t\t\t\t\t<div class=\"uk-flex-1\">\r\n\t\t\t\t<div data-dahz-shortcode-key=\"1578388941356-ad2dd67d-ce5d\" style=\"\" class=\"de-shortcode__wrapper de-shortcode__wrapper--post_list uk-margin-uk-margin\">\r\n\t\r\n        <ul class=\"de-sc-post-list uk-list\" data-list-style=\"layout-1\" data-hover-effect=\"zoom\">\r\n                                                        <li class=\"de-sc-post-list__item uk-flex uk-flex-middle\">\r\n                            <div class=\"uk-margin-large-left\">\r\n                                <a href=\"https:\/\/www.kureselhukuk.com\/en\/is-hukuku-semineri\/\" class=\"de-ratio de-ratio-1-1\">\r\n                                                                        <img width=\"600\" height=\"600\" src=\"https:\/\/www.kureselhukuk.com\/wp-content\/uploads\/2020\/01\/i\u015fhukukusemineri_\u00c7al\u0131\u015fma-Y\u00fczeyi-1.jpg\" class=\"de-ratio-content\" alt=\"\u0130\u015f Hukuku Semineri\" loading=\"lazy\" srcset=\"https:\/\/www.kureselhukuk.com\/wp-content\/uploads\/2020\/01\/i\u015fhukukusemineri_\u00c7al\u0131\u015fma-Y\u00fczeyi-1.jpg 600w, https:\/\/www.kureselhukuk.com\/wp-content\/uploads\/2020\/01\/i\u015fhukukusemineri_\u00c7al\u0131\u015fma-Y\u00fczeyi-1-150x150.jpg 150w, https:\/\/www.kureselhukuk.com\/wp-content\/uploads\/2020\/01\/i\u015fhukukusemineri_\u00c7al\u0131\u015fma-Y\u00fczeyi-1-300x300.jpg 300w, https:\/\/www.kureselhukuk.com\/wp-content\/uploads\/2020\/01\/i\u015fhukukusemineri_\u00c7al\u0131\u015fma-Y\u00fczeyi-1-100x100.jpg 100w\" sizes=\"(max-width: 600px) 100vw, 600px\" \/>                                                                    <\/a>\r\n                            <\/div>\r\n                            <div class=\"de-sc-post-list__content uk-padding uk-overlay uk-flex uk-flex-column\">\r\n                            <div class=\"entry-categories\">\r\n\t\r\n<a href=\"https:\/\/www.kureselhukuk.com\/en\/category\/faaliyetler\/\">\r\n\tActivities<\/a>\r\n<\/div>                            <h1 >\r\n                            <a href=\"https:\/\/www.kureselhukuk.com\/en\/is-hukuku-semineri\/\" >\u0130\u015f Hukuku Semineri<\/a>\r\n                            <\/h1>\r\n                            \r\n<div class=\"entry-meta\">\r\n\t\r\n\t\t<a href=\"https:\/\/www.kureselhukuk.com\/en\/2020\/01\/07\/\">\r\n\t\t\t<span>\r\n\t\t\t\t<time>7 January 2020<\/time>\r\n\t\t\t<\/span>\r\n\t\t<\/a>\r\n\t\t<\/div>                        <\/div>\r\n                        <\/li>\r\n                                                            <li class=\"de-sc-post-list__item uk-flex uk-flex-middle\">\r\n                            <div class=\"uk-margin-large-left\">\r\n                                <a href=\"https:\/\/www.kureselhukuk.com\/en\/yilbasi-etkinligi\/\" class=\"de-ratio de-ratio-1-1\">\r\n                                                                        <img width=\"1000\" height=\"1000\" src=\"https:\/\/www.kureselhukuk.com\/wp-content\/uploads\/2020\/01\/2020.jpg\" class=\"de-ratio-content\" alt=\"\" loading=\"lazy\" srcset=\"https:\/\/www.kureselhukuk.com\/wp-content\/uploads\/2020\/01\/2020.jpg 1000w, https:\/\/www.kureselhukuk.com\/wp-content\/uploads\/2020\/01\/2020-150x150.jpg 150w, https:\/\/www.kureselhukuk.com\/wp-content\/uploads\/2020\/01\/2020-300x300.jpg 300w, https:\/\/www.kureselhukuk.com\/wp-content\/uploads\/2020\/01\/2020-768x768.jpg 768w, https:\/\/www.kureselhukuk.com\/wp-content\/uploads\/2020\/01\/2020-100x100.jpg 100w\" sizes=\"(max-width: 1000px) 100vw, 1000px\" \/>                                                                    <\/a>\r\n                            <\/div>\r\n                            <div class=\"de-sc-post-list__content uk-padding uk-overlay uk-flex uk-flex-column\">\r\n                            <div class=\"entry-categories\">\r\n\t\r\n<a href=\"https:\/\/www.kureselhukuk.com\/en\/category\/faaliyetler\/\">\r\n\tActivities<\/a>\r\n<\/div>                            <h1 >\r\n                            <a href=\"https:\/\/www.kureselhukuk.com\/en\/yilbasi-etkinligi\/\" >Y\u0131lba\u015f\u0131 Co\u015fkusu<\/a>\r\n                            <\/h1>\r\n                            \r\n<div class=\"entry-meta\">\r\n\t\r\n\t\t<a href=\"https:\/\/www.kureselhukuk.com\/en\/2020\/01\/07\/\">\r\n\t\t\t<span>\r\n\t\t\t\t<time>7 January 2020<\/time>\r\n\t\t\t<\/span>\r\n\t\t<\/a>\r\n\t\t<\/div>                        <\/div>\r\n                        <\/li>\r\n                                                            <li class=\"de-sc-post-list__item uk-flex uk-flex-middle\">\r\n                            <div class=\"uk-margin-large-left\">\r\n                                <a href=\"https:\/\/www.kureselhukuk.com\/en\/8-mart-dunya-kadinlar-gununde-anlamli-etkinlik\/\" class=\"de-ratio de-ratio-1-1\">\r\n                                                                        <img width=\"1000\" height=\"1000\" src=\"https:\/\/www.kureselhukuk.com\/wp-content\/uploads\/2020\/03\/0-1024x768.jpeg\" class=\"de-ratio-content\" alt=\"8 Mart D\u00fcnya Kad\u0131nlar G\u00fcn\u00fc\" loading=\"lazy\" srcset=\"https:\/\/www.kureselhukuk.com\/wp-content\/uploads\/2020\/03\/0-1024x768.jpeg 1000w, https:\/\/www.kureselhukuk.com\/wp-content\/uploads\/2020\/03\/0-1024x768-150x150.jpeg 150w, https:\/\/www.kureselhukuk.com\/wp-content\/uploads\/2020\/03\/0-1024x768-300x300.jpeg 300w, https:\/\/www.kureselhukuk.com\/wp-content\/uploads\/2020\/03\/0-1024x768-768x768.jpeg 768w, https:\/\/www.kureselhukuk.com\/wp-content\/uploads\/2020\/03\/0-1024x768-100x100.jpeg 100w\" sizes=\"(max-width: 1000px) 100vw, 1000px\" \/>                                                                    <\/a>\r\n                            <\/div>\r\n                            <div class=\"de-sc-post-list__content uk-padding uk-overlay uk-flex uk-flex-column\">\r\n                            <div class=\"entry-categories\">\r\n\t\r\n<a href=\"https:\/\/www.kureselhukuk.com\/en\/category\/faaliyetler\/\">\r\n\tActivities<\/a>\r\n<\/div>                            <h1 >\r\n                            <a href=\"https:\/\/www.kureselhukuk.com\/en\/8-mart-dunya-kadinlar-gununde-anlamli-etkinlik\/\" >8 Mart D\u00fcnya Kad\u0131nlar G\u00fcn\u00fc\u00b4nde anlaml\u0131 etkinlik<\/a>\r\n                            <\/h1>\r\n                            \r\n<div class=\"entry-meta\">\r\n\t\r\n\t\t<a href=\"https:\/\/www.kureselhukuk.com\/en\/2020\/03\/06\/\">\r\n\t\t\t<span>\r\n\t\t\t\t<time>6 March 2020<\/time>\r\n\t\t\t<\/span>\r\n\t\t<\/a>\r\n\t\t<\/div>                        <\/div>\r\n                        <\/li>\r\n                                                            <li class=\"de-sc-post-list__item uk-flex uk-flex-middle\">\r\n                            <div class=\"uk-margin-large-left\">\r\n                                <a href=\"https:\/\/www.kureselhukuk.com\/en\/fikir-kulubu-sosyal-mesafeli-kitap-tahliline-devam-ediyor\/\" class=\"de-ratio de-ratio-1-1\">\r\n                                                                        <img width=\"1024\" height=\"704\" src=\"https:\/\/www.kureselhukuk.com\/wp-content\/uploads\/2020\/09\/WhatsApp-Image-2020-09-17-at-23.23.00.jpg\" class=\"de-ratio-content\" alt=\"\" loading=\"lazy\" srcset=\"https:\/\/www.kureselhukuk.com\/wp-content\/uploads\/2020\/09\/WhatsApp-Image-2020-09-17-at-23.23.00.jpg 1024w, https:\/\/www.kureselhukuk.com\/wp-content\/uploads\/2020\/09\/WhatsApp-Image-2020-09-17-at-23.23.00-300x206.jpg 300w, https:\/\/www.kureselhukuk.com\/wp-content\/uploads\/2020\/09\/WhatsApp-Image-2020-09-17-at-23.23.00-768x528.jpg 768w\" sizes=\"(max-width: 1024px) 100vw, 1024px\" \/>                                                                    <\/a>\r\n                            <\/div>\r\n                            <div class=\"de-sc-post-list__content uk-padding uk-overlay uk-flex uk-flex-column\">\r\n                            <div class=\"entry-categories\">\r\n\t\r\n<a href=\"https:\/\/www.kureselhukuk.com\/en\/category\/faaliyetler\/\">\r\n\tActivities<\/a>\r\n<\/div>                            <h1 >\r\n                            <a href=\"https:\/\/www.kureselhukuk.com\/en\/fikir-kulubu-sosyal-mesafeli-kitap-tahliline-devam-ediyor\/\" >Fikir Kul\u00fcb\u00fc sosyal mesafeli kitap tahliline devam ediyor<\/a>\r\n                            <\/h1>\r\n                            \r\n<div class=\"entry-meta\">\r\n\t\r\n\t\t<a href=\"https:\/\/www.kureselhukuk.com\/en\/2020\/09\/22\/\">\r\n\t\t\t<span>\r\n\t\t\t\t<time>22 September 2020<\/time>\r\n\t\t\t<\/span>\r\n\t\t<\/a>\r\n\t\t<\/div>                        <\/div>\r\n                        <\/li>\r\n                        <\/ul>\r\n\r\n<\/div>\r\n\t\t\t<\/div>\r\n\t\t<\/div>\r\n\t<\/div>\r\n<\/div>\t\t<\/div>\r\n\t<\/div>\r\n<\/div><div class=\"uk-margin\">\r\n\t<div class=\"de-row uk-container uk-position-relative\" style=\"z-index: 0 !important;\">\r\n\t\t\t\t\t\t\t\t\t\t<div data-uk-grid=\"\" class=\"uk-grid uk-flex-1 uk-c-position-z-index-0\">\r\n\t\t\t<div class=\"de-column uk-position-relative uk-width-1-1@m\" style=\"z-index: 0 !important;\">\r\n\t<div class=\"uk-flex uk-c-flex-stretch uk-width-1-1\">\r\n\t\t<div class=\"uk-position-relative uk-width-1-1 uk-padding-remove\">\r\n\t\t\t\t\t\t<div ><\/div>\r\n\t\t\t\t\t\t<div class=\"uk-flex-1\">\r\n\t\t\t\t<div style=\"\" class=\"uk-position-relative uk-margin\">\r\n\t\t\t<div class=\"de-textblock-wrapper\">\r\n\t\t<p style=\"text-align: center;\">daha fazlas\u0131 i\u00e7in;<\/p>\n\t<\/div>\r\n<\/div>\t\t\t<\/div>\r\n\t\t<\/div>\r\n\t<\/div>\r\n<\/div>\t\t<\/div>\r\n\t<\/div>\r\n<\/div><div class=\"uk-margin\">\r\n\t<div class=\"de-row uk-container uk-position-relative\" style=\"z-index: 0 !important;\">\r\n\t\t\t\t\t\t\t\t\t\t<div data-uk-grid=\"\" class=\"uk-grid uk-flex-1 uk-c-position-z-index-0\">\r\n\t\t\t<div class=\"de-column uk-position-relative uk-width-1-1@m\" style=\"z-index: 0 !important;\">\r\n\t<div class=\"uk-flex uk-c-flex-stretch uk-width-1-1\">\r\n\t\t<div class=\"uk-position-relative uk-width-1-1 uk-padding-remove\">\r\n\t\t\t\t\t\t<div ><\/div>\r\n\t\t\t\t\t\t<div class=\"uk-flex-1\">\r\n\t\t\t\t<div data-dahz-shortcode-key=\"1578389157034-48a81085-7f76\" style=\"\" class=\"de-shortcode__wrapper de-shortcode__wrapper--social_media uk-margin-uk-margin\">\r\n\t<div class=\"de-sc-social-media uk-flex de-sc-social-media--default uk-flex-center de-sc-social-media--default\">\r\n\r\n<div class=\"site-branding uk-flex uk-flex-wrap de-social-accounts de-social-accounts--horizontal\">\r\n\t\t\t\t\t\t<a aria-label=\"Instagram\" href=\"https:\/\/www.instagram.com\/kureselhukuk\/\" class=\"de-social-accounts__icon de-social-accounts__icon--default\" title=\"Follow Us on Instagram\">\r\n\t\t\t\t\t\t\t<i data-uk-icon=\"icon:instagram;ratio:1.2;\"><\/i>\r\n\t\t\t\t\t\t\t\r\n\t\t\t\t\t\t<\/a>\r\n\t\t\t\t\t\t\r\n\t\t\t\t\t\t<a aria-label=\"LinkedIn\" href=\"https:\/\/www.linkedin.com\/company\/kuresel-hukuk\/\" class=\"de-social-accounts__icon de-social-accounts__icon--default\" title=\"Follow Us on LinkedIn\">\r\n\t\t\t\t\t\t\t<i data-uk-icon=\"icon:linkedin;ratio:1.2;\"><\/i>\r\n\t\t\t\t\t\t\t\r\n\t\t\t\t\t\t<\/a>\r\n\t\t\t\t\t\t\r\n\t\t\t\t\t\t<a aria-label=\"Pinterest\" href=\"https:\/\/tr.pinterest.com\/kureselhukuk\/\" class=\"de-social-accounts__icon de-social-accounts__icon--default\" title=\"Follow Us on Pinterest\">\r\n\t\t\t\t\t\t\t<i data-uk-icon=\"icon:pinterest;ratio:1.2;\"><\/i>\r\n\t\t\t\t\t\t\t\r\n\t\t\t\t\t\t<\/a>\r\n\t\t\t\t\t\t\r\n\t\t\t\t\t\t<a aria-label=\"Facebook\" href=\"https:\/\/www.facebook.com\/kureselhukukcom\" class=\"de-social-accounts__icon de-social-accounts__icon--default\" title=\"Follow Us on Facebook\">\r\n\t\t\t\t\t\t\t<i data-uk-icon=\"icon:facebook;ratio:1.2;\"><\/i>\r\n\t\t\t\t\t\t\t\r\n\t\t\t\t\t\t<\/a>\r\n\t\t\t\t\t\t\r\n\t\t\t\t\t\t<a aria-label=\"Twitter\" href=\"https:\/\/twitter.com\/kureselhukuk\" class=\"de-social-accounts__icon de-social-accounts__icon--default\" title=\"Follow Us on Twitter\">\r\n\t\t\t\t\t\t\t<i data-uk-icon=\"icon:twitter;ratio:1.2;\"><\/i>\r\n\t\t\t\t\t\t\t\r\n\t\t\t\t\t\t<\/a>\r\n\t\t\t\t\t\t<\/div><\/div>\r\n<\/div>\r\n\t\t\t<\/div>\r\n\t\t<\/div>\r\n\t<\/div>\r\n<\/div>\t\t<\/div>\r\n\t<\/div>\r\n<\/div>","protected":false},"excerpt":{"rendered":"\u015eirketimizin aktif etkinlikleri aras\u0131nda yer alan Fikir Kul\u00fcb\u00fc Atolyesi yakla\u015f\u0131k iki y\u0131ld\u0131r d\u00fczenli bir \u015fekilde kitap tahlili etkinli\u011fini s\u00fcrd\u00fcr\u00fcyor. Son olarak yazar Yavuz T\u00fcrk\u00b4\u00fcn Y\u00fcce Lider'e Dair adl\u0131 eseri Bak\u0131rk\u00f6y Atat\u00fcrk Orman\u0131\u00b4nda sosyal mesafeye uyularak ger\u00e7ekle\u015ftirildi. Etkinli\u011fimizde bir ilke imza atmay\u0131 da unutmad\u0131k; y\u00f6netim kurulu \u00fcyelerimizin kat\u0131l\u0131m\u0131 ve kitab\u0131n yazar\u0131 Yavuz T\u00fcrk\u00b4\u00fcn kat\u0131l\u0131m\u0131yla renkli ve","protected":false},"author":1,"featured_media":0,"parent":0,"menu_order":0,"comment_status":"closed","ping_status":"closed","template":"","meta":[],"yoast_head":"<!-- This site is optimized with the Yoast SEO Premium plugin v16.1 (Yoast SEO v16.4) - https:\/\/yoast.com\/wordpress\/plugins\/seo\/ -->\n<title>Faaliyetler &ndash; K\u00fcresel Hukuk<\/title>\n<meta name=\"robots\" content=\"index, follow, max-snippet:-1, max-image-preview:large, max-video-preview:-1\" \/>\n<link rel=\"canonical\" href=\"https:\/\/www.kureselhukuk.com\/en\/faaliyetler\/\" \/>\n<meta property=\"og:locale\" content=\"en_US\" \/>\n<meta property=\"og:type\" content=\"article\" \/>\n<meta property=\"og:title\" content=\"Faaliyetler &ndash; K\u00fcresel Hukuk\" \/>\n<meta property=\"og:url\" content=\"https:\/\/www.kureselhukuk.com\/en\/faaliyetler\/\" \/>\n<meta property=\"og:site_name\" content=\"K\u00fcresel Hukuk\" \/>\n<meta property=\"article:publisher\" content=\"https:\/\/www.facebook.com\/kureselhukukcom\" \/>\n<meta property=\"article:modified_time\" content=\"2020-01-20T06:02:18+00:00\" \/>\n<meta name=\"twitter:card\" content=\"summary_large_image\" \/>\n<meta name=\"twitter:site\" content=\"@kureselhukuk\" \/>\n<script type=\"application\/ld+json\" class=\"yoast-schema-graph\">{\"@context\":\"https:\/\/schema.org\",\"@graph\":[{\"@type\":\"Organization\",\"@id\":\"https:\/\/www.kureselhukuk.com\/#organization\",\"name\":\"K\\u00fcresel Hukuk & Dan\\u0131\\u015fmanl\\u0131k\",\"url\":\"https:\/\/www.kureselhukuk.com\/\",\"sameAs\":[\"https:\/\/www.facebook.com\/kureselhukukcom\",\"https:\/\/www.instagram.com\/kureselhukuk\/\",\"https:\/\/www.linkedin.com\/company\/kuresel-hukuk\/\",\"https:\/\/www.youtube.com\/channel\/UCcLrg5tKOtPsBVzIHkg5RFA\",\"https:\/\/twitter.com\/kureselhukuk\"],\"logo\":{\"@type\":\"ImageObject\",\"@id\":\"https:\/\/www.kureselhukuk.com\/#logo\",\"inLanguage\":\"en-US\",\"url\":\"https:\/\/www.kureselhukuk.com\/wp-content\/uploads\/2019\/01\/Untitled-1.png\",\"contentUrl\":\"https:\/\/www.kureselhukuk.com\/wp-content\/uploads\/2019\/01\/Untitled-1.png\",\"width\":594,\"height\":178,\"caption\":\"K\\u00fcresel Hukuk & Dan\\u0131\\u015fmanl\\u0131k\"},\"image\":{\"@id\":\"https:\/\/www.kureselhukuk.com\/#logo\"}},{\"@type\":\"WebSite\",\"@id\":\"https:\/\/www.kureselhukuk.com\/#website\",\"url\":\"https:\/\/www.kureselhukuk.com\/\",\"name\":\"K\\u00fcresel Hukuk\",\"description\":\"&quot;Adalet vaat de\\u011fildir&quot;\",\"publisher\":{\"@id\":\"https:\/\/www.kureselhukuk.com\/#organization\"},\"potentialAction\":[{\"@type\":\"SearchAction\",\"target\":\"https:\/\/www.kureselhukuk.com\/?s={search_term_string}\",\"query-input\":\"required name=search_term_string\"}],\"inLanguage\":\"en-US\"},{\"@type\":\"WebPage\",\"@id\":\"https:\/\/www.kureselhukuk.com\/faaliyetler\/#webpage\",\"url\":\"https:\/\/www.kureselhukuk.com\/faaliyetler\/\",\"name\":\"Faaliyetler &ndash; K\\u00fcresel Hukuk\",\"isPartOf\":{\"@id\":\"https:\/\/www.kureselhukuk.com\/#website\"},\"datePublished\":\"2020-01-07T09:21:47+00:00\",\"dateModified\":\"2020-01-20T06:02:18+00:00\",\"breadcrumb\":{\"@id\":\"https:\/\/www.kureselhukuk.com\/faaliyetler\/#breadcrumb\"},\"inLanguage\":\"en-US\",\"potentialAction\":[{\"@type\":\"ReadAction\",\"target\":[\"https:\/\/www.kureselhukuk.com\/faaliyetler\/\"]}]},{\"@type\":\"BreadcrumbList\",\"@id\":\"https:\/\/www.kureselhukuk.com\/faaliyetler\/#breadcrumb\",\"itemListElement\":[{\"@type\":\"ListItem\",\"position\":1,\"item\":{\"@type\":\"WebPage\",\"@id\":\"https:\/\/www.kureselhukuk.com\/\",\"url\":\"https:\/\/www.kureselhukuk.com\/\",\"name\":\"Ana sayfa\"}},{\"@type\":\"ListItem\",\"position\":2,\"item\":{\"@id\":\"https:\/\/www.kureselhukuk.com\/faaliyetler\/#webpage\"}}]}]}<\/script>\n<!-- \/ Yoast SEO Premium plugin. -->","_links":{"self":[{"href":"https:\/\/www.kureselhukuk.com\/en\/wp-json\/wp\/v2\/pages\/3262"}],"collection":[{"href":"https:\/\/www.kureselhukuk.com\/en\/wp-json\/wp\/v2\/pages"}],"about":[{"href":"https:\/\/www.kureselhukuk.com\/en\/wp-json\/wp\/v2\/types\/page"}],"author":[{"embeddable":true,"href":"https:\/\/www.kureselhukuk.com\/en\/wp-json\/wp\/v2\/users\/1"}],"replies":[{"embeddable":true,"href":"https:\/\/www.kureselhukuk.com\/en\/wp-json\/wp\/v2\/comments?post=3262"}],"version-history":[{"count":8,"href":"https:\/\/www.kureselhukuk.com\/en\/wp-json\/wp\/v2\/pages\/3262\/revisions"}],"predecessor-version":[{"id":3291,"href":"https:\/\/www.kureselhukuk.com\/en\/wp-json\/wp\/v2\/pages\/3262\/revisions\/3291"}],"wp:attachment":[{"href":"https:\/\/www.kureselhukuk.com\/en\/wp-json\/wp\/v2\/media?parent=3262"}],"curies":[{"name":"wp","href":"https:\/\/api.w.org\/{rel}","templated":true}]}}