{"id":2015,"date":"2019-02-19T09:17:20","date_gmt":"2019-02-19T06:17:20","guid":{"rendered":"http:\/\/www.kureselhukuk.com\/?page_id=2015"},"modified":"2025-08-05T19:59:48","modified_gmt":"2025-08-05T16:59:48","slug":"avukat-merve-turnaoglu","status":"publish","type":"page","link":"https:\/\/www.kureselhukuk.com\/en\/avukat-merve-turnaoglu\/","title":{"rendered":"Avukat Merve Turnao\u011flu"},"content":{"rendered":"<div class=\"uk-margin\">\r\n\t<div class=\"de-row uk-container uk-position-relative\" style=\"z-index: 0 !important;\">\r\n\t\t\t\t\t\t\t\t\t\t<div data-uk-grid=\"\" class=\"uk-grid uk-flex-1 uk-c-position-z-index-0\">\r\n\t\t\t<div class=\"de-column uk-position-relative uk-width-1-4@m\" style=\"z-index: 0 !important;\">\r\n\t<div class=\"uk-flex uk-c-flex-stretch uk-width-1-1\">\r\n\t\t<div class=\"uk-position-relative uk-width-1-1 uk-padding-remove\">\r\n\t\t\t\t\t\t<div ><\/div>\r\n\t\t\t\t\t\t<div class=\"uk-flex-1\">\r\n\t\t\t\t\t\t\t<\/div>\r\n\t\t<\/div>\r\n\t<\/div>\r\n<\/div><div class=\"de-column uk-position-relative uk-width-1-4@m\" style=\"z-index: 0 !important;\">\r\n\t<div class=\"uk-flex uk-c-flex-stretch uk-width-1-1\">\r\n\t\t<div class=\"uk-position-relative uk-width-1-1 uk-padding-remove\">\r\n\t\t\t\t\t\t<div ><\/div>\r\n\t\t\t\t\t\t<div class=\"uk-flex-1\">\r\n\t\t\t\t<div data-dahz-shortcode-key=\"1711697630166-449f3901-169a\" style=\"\" class=\"de-shortcode__wrapper de-shortcode__wrapper--dahz_single_image uk-margin-uk-margin\">\r\n\t<a class=\"de-single-image__wrapper uk-flex uk-flex-left\">\r\n\t<div>\r\n\t\t<img width=\"300\" height=\"300\" src=\"https:\/\/www.kureselhukuk.com\/wp-content\/uploads\/2025\/08\/Adsiz-tasarim-26.png\" class=\"attachment-large\" alt=\"\" loading=\"lazy\" srcset=\"https:\/\/www.kureselhukuk.com\/wp-content\/uploads\/2025\/08\/Adsiz-tasarim-26.png 300w, https:\/\/www.kureselhukuk.com\/wp-content\/uploads\/2025\/08\/Adsiz-tasarim-26-150x150.png 150w, https:\/\/www.kureselhukuk.com\/wp-content\/uploads\/2025\/08\/Adsiz-tasarim-26-12x12.png 12w, https:\/\/www.kureselhukuk.com\/wp-content\/uploads\/2025\/08\/Adsiz-tasarim-26-100x100.png 100w\" sizes=\"(max-width: 300px) 100vw, 300px\" \/>\t<\/div>\r\n<\/a>\r\n<\/div>\r\n<div data-dahz-shortcode-key=\"1550491781410-6ac50136-9bc8\" style=\"\" class=\"de-shortcode__wrapper de-shortcode__wrapper--dahz_single_image uk-margin-uk-margin\">\r\n\t<a class=\"de-single-image__wrapper uk-flex uk-flex-center\">\r\n\t<div>\r\n\t\t\t<\/div>\r\n<\/a>\r\n<\/div>\r\n\t\t\t<\/div>\r\n\t\t<\/div>\r\n\t<\/div>\r\n<\/div><div class=\"de-column uk-position-relative uk-width-1-4@m\" style=\"z-index: 0 !important;\">\r\n\t<div class=\"uk-flex uk-c-flex-stretch uk-width-1-1\">\r\n\t\t<div class=\"uk-position-relative uk-width-1-1 uk-padding-remove\">\r\n\t\t\t\t\t\t<div ><\/div>\r\n\t\t\t\t\t\t<div class=\"uk-flex-1\">\r\n\t\t\t\t<div style=\"\" class=\"uk-position-relative uk-margin\">\r\n\t\t\t<div class=\"de-textblock-wrapper\" data-uk-scrollspy=\"cls:uk-animation-slide-left; delay:1000;\">\r\n\t\t<div style=\"text-align: justify;\">\n<div class=\"flex-shrink-0 flex flex-col relative items-end\">\n<div>\n<div class=\"pt-0.5 juice:pt-0\">\n<div class=\"gizmo-bot-avatar flex h-6 w-6 items-center justify-center overflow-hidden rounded-full juice:h-8 juice:w-8\">\n<div class=\"relative p-1 rounded-sm flex items-center justify-center bg-token-main-surface-primary text-token-text-primary h-8 w-8\"><\/div>\n<\/div>\n<\/div>\n<\/div>\n<\/div>\n<div class=\"group\/conversation-turn relative flex w-full min-w-0 flex-col agent-turn\">\n<div class=\"flex-col gap-1 md:gap-3\">\n<div class=\"flex flex-grow flex-col max-w-full\">\n<div class=\"min-h-&#091;20px&#093; text-message flex flex-col items-start whitespace-pre-wrap break-words &#091;.text-message+&amp;&#093;:mt-5 juice:w-full juice:items-end overflow-x-auto gap-2\" dir=\"auto\" data-message-author-role=\"assistant\" data-message-id=\"61742c7f-0288-4282-ad1c-8d29c197daac\">\n<div class=\"flex w-full flex-col gap-1 juice:empty:hidden juice:first:pt-&#091;3px&#093;\">\n<div class=\"markdown prose w-full break-words dark:prose-invert light\">\n<p>Merve Turnao\u011flu, 2013 y\u0131l\u0131nda b\u00fcy\u00fck bir \u015firketin hukuk departman\u0131nda avukatl\u0131k kariyerine ba\u015flam\u0131\u015ft\u0131r. \u00d6\u011frenme ve farkl\u0131 alanlarda tecr\u00fcbe sahibi olma amac\u0131yla medya, telekom\u00fcnikasyon, in\u015faat ve petrol sekt\u00f6rlerinin hukuk departmanlar\u0131nda \u00e7al\u0131\u015fm\u0131\u015ft\u0131r. 2017 y\u0131l\u0131ndan beri K\u00fcresel Hukuk &amp; Dan\u0131\u015fmanl\u0131k b\u00fcnyesinde Y\u00f6netici Avukat olarak g\u00f6rev yapmaktad\u0131r. Uluslararas\u0131 Ticaret Hukuku, Ki\u015fisel Verilerin Korunmas\u0131 Hukuku, Aile Hukuku, \u0130cra Hukuku ve \u015eirketler Hukuku alanlar\u0131nda m\u00fcvekkillerine hizmet vermektedir.<\/p>\n<\/div>\n<\/div>\n<\/div>\n<\/div>\n<\/div>\n<\/div>\n<\/div>\n\t<\/div>\r\n<\/div>\t\t\t<\/div>\r\n\t\t<\/div>\r\n\t<\/div>\r\n<\/div><div class=\"de-column uk-position-relative uk-width-1-4@m\" style=\"z-index: 0 !important;\">\r\n\t<div class=\"uk-flex uk-c-flex-stretch uk-width-1-1\">\r\n\t\t<div class=\"uk-position-relative uk-width-1-1 uk-padding-remove\">\r\n\t\t\t\t\t\t<div ><\/div>\r\n\t\t\t\t\t\t<div class=\"uk-flex-1\">\r\n\t\t\t\t\t\t\t<\/div>\r\n\t\t<\/div>\r\n\t<\/div>\r\n<\/div>\t\t<\/div>\r\n\t<\/div>\r\n<\/div>","protected":false},"excerpt":{"rendered":"Merve Turnao\u011flu, 2013 y\u0131l\u0131nda b\u00fcy\u00fck bir \u015firketin hukuk departman\u0131nda avukatl\u0131k kariyerine ba\u015flam\u0131\u015ft\u0131r. \u00d6\u011frenme ve farkl\u0131 alanlarda tecr\u00fcbe sahibi olma amac\u0131yla medya, telekom\u00fcnikasyon, in\u015faat ve petrol sekt\u00f6rlerinin hukuk departmanlar\u0131nda \u00e7al\u0131\u015fm\u0131\u015ft\u0131r. 2017 y\u0131l\u0131ndan beri K\u00fcresel Hukuk &amp; Dan\u0131\u015fmanl\u0131k b\u00fcnyesinde Y\u00f6netici Avukat olarak g\u00f6rev yapmaktad\u0131r. Uluslararas\u0131 Ticaret Hukuku, Ki\u015fisel Verilerin Korunmas\u0131 Hukuku, Aile Hukuku, \u0130cra Hukuku ve \u015eirketler","protected":false},"author":1,"featured_media":0,"parent":0,"menu_order":0,"comment_status":"closed","ping_status":"closed","template":"","meta":[],"yoast_head":"<!-- This site is optimized with the Yoast SEO Premium plugin v16.1 (Yoast SEO v16.4) - https:\/\/yoast.com\/wordpress\/plugins\/seo\/ -->\n<title>Avukat Merve Turnao\u011flu<\/title>\n<meta name=\"robots\" content=\"index, follow, max-snippet:-1, max-image-preview:large, max-video-preview:-1\" \/>\n<link rel=\"canonical\" href=\"https:\/\/www.kureselhukuk.com\/en\/avukat-merve-turnaoglu\/\" \/>\n<meta property=\"og:locale\" content=\"en_US\" \/>\n<meta property=\"og:type\" content=\"article\" \/>\n<meta property=\"og:title\" content=\"Avukat Merve Turnao\u011flu\" \/>\n<meta property=\"og:url\" content=\"https:\/\/www.kureselhukuk.com\/en\/avukat-merve-turnaoglu\/\" \/>\n<meta property=\"og:site_name\" content=\"K\u00fcresel Hukuk\" \/>\n<meta property=\"article:publisher\" content=\"https:\/\/www.facebook.com\/kureselhukukcom\" \/>\n<meta property=\"article:modified_time\" content=\"2025-08-05T16:59:48+00:00\" \/>\n<meta name=\"twitter:card\" content=\"summary_large_image\" \/>\n<meta name=\"twitter:site\" content=\"@kureselhukuk\" \/>\n<meta name=\"twitter:label1\" content=\"Est. reading time\" \/>\n\t<meta name=\"twitter:data1\" content=\"1 minute\" \/>\n<script type=\"application\/ld+json\" class=\"yoast-schema-graph\">{\"@context\":\"https:\/\/schema.org\",\"@graph\":[{\"@type\":\"Organization\",\"@id\":\"https:\/\/www.kureselhukuk.com\/#organization\",\"name\":\"K\\u00fcresel Hukuk & Dan\\u0131\\u015fmanl\\u0131k\",\"url\":\"https:\/\/www.kureselhukuk.com\/\",\"sameAs\":[\"https:\/\/www.facebook.com\/kureselhukukcom\",\"https:\/\/www.instagram.com\/kureselhukuk\/\",\"https:\/\/www.linkedin.com\/company\/kuresel-hukuk\/\",\"https:\/\/www.youtube.com\/channel\/UCcLrg5tKOtPsBVzIHkg5RFA\",\"https:\/\/twitter.com\/kureselhukuk\"],\"logo\":{\"@type\":\"ImageObject\",\"@id\":\"https:\/\/www.kureselhukuk.com\/#logo\",\"inLanguage\":\"en-US\",\"url\":\"https:\/\/www.kureselhukuk.com\/wp-content\/uploads\/2019\/01\/Untitled-1.png\",\"contentUrl\":\"https:\/\/www.kureselhukuk.com\/wp-content\/uploads\/2019\/01\/Untitled-1.png\",\"width\":594,\"height\":178,\"caption\":\"K\\u00fcresel Hukuk & Dan\\u0131\\u015fmanl\\u0131k\"},\"image\":{\"@id\":\"https:\/\/www.kureselhukuk.com\/#logo\"}},{\"@type\":\"WebSite\",\"@id\":\"https:\/\/www.kureselhukuk.com\/#website\",\"url\":\"https:\/\/www.kureselhukuk.com\/\",\"name\":\"K\\u00fcresel Hukuk\",\"description\":\"&quot;Adalet vaat de\\u011fildir&quot;\",\"publisher\":{\"@id\":\"https:\/\/www.kureselhukuk.com\/#organization\"},\"potentialAction\":[{\"@type\":\"SearchAction\",\"target\":\"https:\/\/www.kureselhukuk.com\/?s={search_term_string}\",\"query-input\":\"required name=search_term_string\"}],\"inLanguage\":\"en-US\"},{\"@type\":\"WebPage\",\"@id\":\"https:\/\/www.kureselhukuk.com\/avukat-merve-turnaoglu\/#webpage\",\"url\":\"https:\/\/www.kureselhukuk.com\/avukat-merve-turnaoglu\/\",\"name\":\"Avukat Merve Turnao\\u011flu\",\"isPartOf\":{\"@id\":\"https:\/\/www.kureselhukuk.com\/#website\"},\"datePublished\":\"2019-02-19T06:17:20+00:00\",\"dateModified\":\"2025-08-05T16:59:48+00:00\",\"breadcrumb\":{\"@id\":\"https:\/\/www.kureselhukuk.com\/avukat-merve-turnaoglu\/#breadcrumb\"},\"inLanguage\":\"en-US\",\"potentialAction\":[{\"@type\":\"ReadAction\",\"target\":[\"https:\/\/www.kureselhukuk.com\/avukat-merve-turnaoglu\/\"]}]},{\"@type\":\"BreadcrumbList\",\"@id\":\"https:\/\/www.kureselhukuk.com\/avukat-merve-turnaoglu\/#breadcrumb\",\"itemListElement\":[{\"@type\":\"ListItem\",\"position\":1,\"item\":{\"@type\":\"WebPage\",\"@id\":\"https:\/\/www.kureselhukuk.com\/\",\"url\":\"https:\/\/www.kureselhukuk.com\/\",\"name\":\"Ana sayfa\"}},{\"@type\":\"ListItem\",\"position\":2,\"item\":{\"@id\":\"https:\/\/www.kureselhukuk.com\/avukat-merve-turnaoglu\/#webpage\"}}]}]}<\/script>\n<!-- \/ Yoast SEO Premium plugin. -->","_links":{"self":[{"href":"https:\/\/www.kureselhukuk.com\/en\/wp-json\/wp\/v2\/pages\/2015"}],"collection":[{"href":"https:\/\/www.kureselhukuk.com\/en\/wp-json\/wp\/v2\/pages"}],"about":[{"href":"https:\/\/www.kureselhukuk.com\/en\/wp-json\/wp\/v2\/types\/page"}],"author":[{"embeddable":true,"href":"https:\/\/www.kureselhukuk.com\/en\/wp-json\/wp\/v2\/users\/1"}],"replies":[{"embeddable":true,"href":"https:\/\/www.kureselhukuk.com\/en\/wp-json\/wp\/v2\/comments?post=2015"}],"version-history":[{"count":7,"href":"https:\/\/www.kureselhukuk.com\/en\/wp-json\/wp\/v2\/pages\/2015\/revisions"}],"predecessor-version":[{"id":3955,"href":"https:\/\/www.kureselhukuk.com\/en\/wp-json\/wp\/v2\/pages\/2015\/revisions\/3955"}],"wp:attachment":[{"href":"https:\/\/www.kureselhukuk.com\/en\/wp-json\/wp\/v2\/media?parent=2015"}],"curies":[{"name":"wp","href":"https:\/\/api.w.org\/{rel}","templated":true}]}}