{"id":1992,"date":"2019-02-18T16:18:20","date_gmt":"2019-02-18T13:18:20","guid":{"rendered":"http:\/\/www.kureselhukuk.com\/?page_id=1992"},"modified":"2025-08-05T20:02:28","modified_gmt":"2025-08-05T17:02:28","slug":"mahmut-bozkurt","status":"publish","type":"page","link":"https:\/\/www.kureselhukuk.com\/en\/mahmut-bozkurt\/","title":{"rendered":"Mahmut Bozkurt"},"content":{"rendered":"<div class=\"uk-margin\">\r\n\t<div class=\"de-row uk-container uk-position-relative\" style=\"z-index: 0 !important;\">\r\n\t\t\t\t\t\t\t\t\t\t<div data-uk-grid=\"\" class=\"uk-grid uk-flex-1 uk-c-position-z-index-0\">\r\n\t\t\t<div class=\"de-column uk-position-relative uk-width-1-4@m\" style=\"z-index: 0 !important;\">\r\n\t<div class=\"uk-flex uk-c-flex-stretch uk-width-1-1\">\r\n\t\t<div class=\"uk-position-relative uk-width-1-1 uk-padding-remove\">\r\n\t\t\t\t\t\t<div ><\/div>\r\n\t\t\t\t\t\t<div class=\"uk-flex-1\">\r\n\t\t\t\t\t\t\t<\/div>\r\n\t\t<\/div>\r\n\t<\/div>\r\n<\/div><div class=\"de-column uk-position-relative uk-width-1-4@m\" style=\"z-index: 0 !important;\">\r\n\t<div class=\"uk-flex uk-c-flex-stretch uk-width-1-1\">\r\n\t\t<div class=\"uk-position-relative uk-width-1-1 uk-padding-remove\">\r\n\t\t\t\t\t\t<div ><\/div>\r\n\t\t\t\t\t\t<div class=\"uk-flex-1\">\r\n\t\t\t\t<div data-dahz-shortcode-key=\"1550491781410-6ac50136-9bc8\" style=\"\" class=\"de-shortcode__wrapper de-shortcode__wrapper--dahz_single_image uk-margin-uk-margin\">\r\n\t<a class=\"de-single-image__wrapper uk-flex uk-flex-center\">\r\n\t<div>\r\n\t\t<img width=\"300\" height=\"300\" src=\"https:\/\/www.kureselhukuk.com\/wp-content\/uploads\/2025\/08\/mahmut-bey.png\" class=\"attachment-full\" alt=\"\" loading=\"lazy\" srcset=\"https:\/\/www.kureselhukuk.com\/wp-content\/uploads\/2025\/08\/mahmut-bey.png 300w, https:\/\/www.kureselhukuk.com\/wp-content\/uploads\/2025\/08\/mahmut-bey-150x150.png 150w, https:\/\/www.kureselhukuk.com\/wp-content\/uploads\/2025\/08\/mahmut-bey-12x12.png 12w, https:\/\/www.kureselhukuk.com\/wp-content\/uploads\/2025\/08\/mahmut-bey-100x100.png 100w\" sizes=\"(max-width: 300px) 100vw, 300px\" \/>\t<\/div>\r\n<\/a>\r\n<\/div>\r\n\t\t\t<\/div>\r\n\t\t<\/div>\r\n\t<\/div>\r\n<\/div><div class=\"de-column uk-position-relative uk-width-1-4@m\" style=\"z-index: 0 !important;\">\r\n\t<div class=\"uk-flex uk-c-flex-stretch uk-width-1-1\">\r\n\t\t<div class=\"uk-position-relative uk-width-1-1 uk-padding-remove\">\r\n\t\t\t\t\t\t<div ><\/div>\r\n\t\t\t\t\t\t<div class=\"uk-flex-1\">\r\n\t\t\t\t<div style=\"\" class=\"uk-position-relative uk-margin\">\r\n\t\t\t<div class=\"de-textblock-wrapper\" data-uk-scrollspy=\"cls:uk-animation-slide-left; delay:1000;\">\r\n\t\t<div style=\"text-align: justify;\">\n<p>2012 senesinde TOBB \u00dcniversitesinin Matematik B\u00f6l\u00fcm\u00fc\u00b4nden 1. olarak mezun olan Bozkurt ayn\u0131 \u00fcniversitenin \u0130ktisat b\u00f6l\u00fcm\u00fcnde de \u00e7ift anadal yaparak b\u00f6l\u00fcm\u00fc 4. bitirmi\u015ftir.<\/p>\n<p><!-- \/wp:paragraph --><!-- wp:paragraph -->\u00d6zel bir firman\u0131n b\u00fct\u00e7e raporlama biriminde uzman olarak \u00e7al\u0131\u015farak i\u015f hayat\u0131na at\u0131lan Bozkurt, 2015 senesinde K\u00fcresel Hukuk ailesine kat\u0131lm\u0131\u015ft\u0131r.<\/p>\n<p><!-- \/wp:paragraph --><!-- wp:paragraph --> Analitik d\u00fc\u015f\u00fcnme, sorunlara seri ve etkin \u00e7\u00f6z\u00fcm bulabilme ve olaylar\u0131 iyi analiz etme \u00f6zellikleri ile K\u00fcresel Hukuk &amp; Dan\u0131\u015fmanl\u0131k \u015firketinde \u0130dari ve Mali \u0130\u015fler Direkt\u00f6r\u00fc olarak g\u00f6rev almaktad\u0131r.<\/div>\n<p><!-- \/wp:paragraph -->&nbsp;<\/p>\n\t<\/div>\r\n<\/div>\t\t\t<\/div>\r\n\t\t<\/div>\r\n\t<\/div>\r\n<\/div><div class=\"de-column uk-position-relative uk-width-1-4@m\" style=\"z-index: 0 !important;\">\r\n\t<div class=\"uk-flex uk-c-flex-stretch uk-width-1-1\">\r\n\t\t<div class=\"uk-position-relative uk-width-1-1 uk-padding-remove\">\r\n\t\t\t\t\t\t<div ><\/div>\r\n\t\t\t\t\t\t<div class=\"uk-flex-1\">\r\n\t\t\t\t\t\t\t<\/div>\r\n\t\t<\/div>\r\n\t<\/div>\r\n<\/div>\t\t<\/div>\r\n\t<\/div>\r\n<\/div><div class=\"uk-margin\">\r\n\t<div class=\"de-row uk-container uk-position-relative\" style=\"z-index: 0 !important;\">\r\n\t\t\t\t\t\t\t\t\t\t<div data-uk-grid=\"\" class=\"uk-grid uk-flex-1 uk-c-position-z-index-0\">\r\n\t\t\t<div class=\"de-column uk-position-relative uk-width-1-1@m\" style=\"z-index: 0 !important;\">\r\n\t<div class=\"uk-flex uk-c-flex-stretch uk-width-1-1\">\r\n\t\t<div class=\"uk-position-relative uk-width-1-1 uk-padding-remove\">\r\n\t\t\t\t\t\t<div ><\/div>\r\n\t\t\t\t\t\t<div class=\"uk-flex-1\">\r\n\t\t\t\t<div style=\"\" class=\"uk-position-relative uk-margin\">\r\n\t\t\t<div class=\"de-textblock-wrapper\">\r\n\t\t<p><!--EndFragment--><\/p>\n<p><!--EndFragment--><\/p>\n\t<\/div>\r\n<\/div>\t\t\t<\/div>\r\n\t\t<\/div>\r\n\t<\/div>\r\n<\/div>\t\t<\/div>\r\n\t<\/div>\r\n<\/div>","protected":false},"excerpt":{"rendered":"2012 senesinde TOBB \u00dcniversitesinin Matematik B\u00f6l\u00fcm\u00fc\u00b4nden 1. olarak mezun olan Bozkurt ayn\u0131 \u00fcniversitenin \u0130ktisat b\u00f6l\u00fcm\u00fcnde de \u00e7ift anadal yaparak b\u00f6l\u00fcm\u00fc 4. bitirmi\u015ftir. \u00d6zel bir firman\u0131n b\u00fct\u00e7e raporlama biriminde uzman olarak \u00e7al\u0131\u015farak i\u015f hayat\u0131na at\u0131lan Bozkurt, 2015 senesinde K\u00fcresel Hukuk ailesine kat\u0131lm\u0131\u015ft\u0131r. Analitik d\u00fc\u015f\u00fcnme, sorunlara seri ve etkin \u00e7\u00f6z\u00fcm bulabilme ve olaylar\u0131 iyi analiz etme \u00f6zellikleri","protected":false},"author":1,"featured_media":0,"parent":0,"menu_order":0,"comment_status":"closed","ping_status":"closed","template":"","meta":[],"yoast_head":"<!-- This site is optimized with the Yoast SEO Premium plugin v16.1 (Yoast SEO v16.4) - https:\/\/yoast.com\/wordpress\/plugins\/seo\/ -->\n<title>Mahmut Bozkurt<\/title>\n<meta name=\"description\" content=\"TOBB \u00dcniversitesini Matematik B\u00f6l\u00fcm\u00fc\u00b4nden 1. olarak mezun olan Bozkurt ayn\u0131 \u00fcniversitenin \u0130ktisat b\u00f6l\u00fcm\u00fcnde de \u00e7ift anadal yaparak b\u00f6l\u00fcm\u00fc 4. bitirmi\u015ftir.\" \/>\n<meta name=\"robots\" content=\"index, follow, max-snippet:-1, max-image-preview:large, max-video-preview:-1\" \/>\n<link rel=\"canonical\" href=\"https:\/\/www.kureselhukuk.com\/en\/mahmut-bozkurt\/\" \/>\n<meta property=\"og:locale\" content=\"en_US\" \/>\n<meta property=\"og:type\" content=\"article\" \/>\n<meta property=\"og:title\" content=\"Mahmut Bozkurt\" \/>\n<meta property=\"og:description\" content=\"TOBB \u00dcniversitesini Matematik B\u00f6l\u00fcm\u00fc\u00b4nden 1. olarak mezun olan Bozkurt ayn\u0131 \u00fcniversitenin \u0130ktisat b\u00f6l\u00fcm\u00fcnde de \u00e7ift anadal yaparak b\u00f6l\u00fcm\u00fc 4. bitirmi\u015ftir.\" \/>\n<meta property=\"og:url\" content=\"https:\/\/www.kureselhukuk.com\/en\/mahmut-bozkurt\/\" \/>\n<meta property=\"og:site_name\" content=\"K\u00fcresel Hukuk\" \/>\n<meta property=\"article:publisher\" content=\"https:\/\/www.facebook.com\/kureselhukukcom\" \/>\n<meta property=\"article:modified_time\" content=\"2025-08-05T17:02:28+00:00\" \/>\n<meta name=\"twitter:card\" content=\"summary_large_image\" \/>\n<meta name=\"twitter:site\" content=\"@kureselhukuk\" \/>\n<meta name=\"twitter:label1\" content=\"Est. reading time\" \/>\n\t<meta name=\"twitter:data1\" content=\"1 minute\" \/>\n<script type=\"application\/ld+json\" class=\"yoast-schema-graph\">{\"@context\":\"https:\/\/schema.org\",\"@graph\":[{\"@type\":\"Organization\",\"@id\":\"https:\/\/www.kureselhukuk.com\/#organization\",\"name\":\"K\\u00fcresel Hukuk & Dan\\u0131\\u015fmanl\\u0131k\",\"url\":\"https:\/\/www.kureselhukuk.com\/\",\"sameAs\":[\"https:\/\/www.facebook.com\/kureselhukukcom\",\"https:\/\/www.instagram.com\/kureselhukuk\/\",\"https:\/\/www.linkedin.com\/company\/kuresel-hukuk\/\",\"https:\/\/www.youtube.com\/channel\/UCcLrg5tKOtPsBVzIHkg5RFA\",\"https:\/\/twitter.com\/kureselhukuk\"],\"logo\":{\"@type\":\"ImageObject\",\"@id\":\"https:\/\/www.kureselhukuk.com\/#logo\",\"inLanguage\":\"en-US\",\"url\":\"https:\/\/www.kureselhukuk.com\/wp-content\/uploads\/2019\/01\/Untitled-1.png\",\"contentUrl\":\"https:\/\/www.kureselhukuk.com\/wp-content\/uploads\/2019\/01\/Untitled-1.png\",\"width\":594,\"height\":178,\"caption\":\"K\\u00fcresel Hukuk & Dan\\u0131\\u015fmanl\\u0131k\"},\"image\":{\"@id\":\"https:\/\/www.kureselhukuk.com\/#logo\"}},{\"@type\":\"WebSite\",\"@id\":\"https:\/\/www.kureselhukuk.com\/#website\",\"url\":\"https:\/\/www.kureselhukuk.com\/\",\"name\":\"K\\u00fcresel Hukuk\",\"description\":\"&quot;Adalet vaat de\\u011fildir&quot;\",\"publisher\":{\"@id\":\"https:\/\/www.kureselhukuk.com\/#organization\"},\"potentialAction\":[{\"@type\":\"SearchAction\",\"target\":\"https:\/\/www.kureselhukuk.com\/?s={search_term_string}\",\"query-input\":\"required name=search_term_string\"}],\"inLanguage\":\"en-US\"},{\"@type\":\"WebPage\",\"@id\":\"https:\/\/www.kureselhukuk.com\/mahmut-bozkurt\/#webpage\",\"url\":\"https:\/\/www.kureselhukuk.com\/mahmut-bozkurt\/\",\"name\":\"Mahmut Bozkurt\",\"isPartOf\":{\"@id\":\"https:\/\/www.kureselhukuk.com\/#website\"},\"datePublished\":\"2019-02-18T13:18:20+00:00\",\"dateModified\":\"2025-08-05T17:02:28+00:00\",\"description\":\"TOBB \\u00dcniversitesini Matematik B\\u00f6l\\u00fcm\\u00fc\\u00b4nden 1. olarak mezun olan Bozkurt ayn\\u0131 \\u00fcniversitenin \\u0130ktisat b\\u00f6l\\u00fcm\\u00fcnde de \\u00e7ift anadal yaparak b\\u00f6l\\u00fcm\\u00fc 4. bitirmi\\u015ftir.\",\"breadcrumb\":{\"@id\":\"https:\/\/www.kureselhukuk.com\/mahmut-bozkurt\/#breadcrumb\"},\"inLanguage\":\"en-US\",\"potentialAction\":[{\"@type\":\"ReadAction\",\"target\":[\"https:\/\/www.kureselhukuk.com\/mahmut-bozkurt\/\"]}]},{\"@type\":\"BreadcrumbList\",\"@id\":\"https:\/\/www.kureselhukuk.com\/mahmut-bozkurt\/#breadcrumb\",\"itemListElement\":[{\"@type\":\"ListItem\",\"position\":1,\"item\":{\"@type\":\"WebPage\",\"@id\":\"https:\/\/www.kureselhukuk.com\/\",\"url\":\"https:\/\/www.kureselhukuk.com\/\",\"name\":\"Ana sayfa\"}},{\"@type\":\"ListItem\",\"position\":2,\"item\":{\"@id\":\"https:\/\/www.kureselhukuk.com\/mahmut-bozkurt\/#webpage\"}}]}]}<\/script>\n<!-- \/ Yoast SEO Premium plugin. -->","_links":{"self":[{"href":"https:\/\/www.kureselhukuk.com\/en\/wp-json\/wp\/v2\/pages\/1992"}],"collection":[{"href":"https:\/\/www.kureselhukuk.com\/en\/wp-json\/wp\/v2\/pages"}],"about":[{"href":"https:\/\/www.kureselhukuk.com\/en\/wp-json\/wp\/v2\/types\/page"}],"author":[{"embeddable":true,"href":"https:\/\/www.kureselhukuk.com\/en\/wp-json\/wp\/v2\/users\/1"}],"replies":[{"embeddable":true,"href":"https:\/\/www.kureselhukuk.com\/en\/wp-json\/wp\/v2\/comments?post=1992"}],"version-history":[{"count":2,"href":"https:\/\/www.kureselhukuk.com\/en\/wp-json\/wp\/v2\/pages\/1992\/revisions"}],"predecessor-version":[{"id":3961,"href":"https:\/\/www.kureselhukuk.com\/en\/wp-json\/wp\/v2\/pages\/1992\/revisions\/3961"}],"wp:attachment":[{"href":"https:\/\/www.kureselhukuk.com\/en\/wp-json\/wp\/v2\/media?parent=1992"}],"curies":[{"name":"wp","href":"https:\/\/api.w.org\/{rel}","templated":true}]}}