{"id":1036,"date":"2019-01-16T11:54:29","date_gmt":"2019-01-16T08:54:29","guid":{"rendered":"http:\/\/www.kureselhukuk.com\/?page_id=1036"},"modified":"2019-03-28T17:38:11","modified_gmt":"2019-03-28T14:38:11","slug":"rekabet-hukuku","status":"publish","type":"page","link":"https:\/\/www.kureselhukuk.com\/en\/rekabet-hukuku\/","title":{"rendered":"Competition Law"},"content":{"rendered":"<div class=\"uk-margin\">\r\n\t<div class=\"de-row uk-container uk-position-relative uk-container-small\" style=\"z-index: 0 !important;\">\r\n\t\t\t\t\t\t\t\t\t\t<div data-uk-grid=\"\" class=\"uk-grid uk-flex-1 uk-c-position-z-index-0\">\r\n\t\t\t<div class=\"de-column uk-position-relative uk-width-1-1@m\" style=\"z-index: 0 !important;\">\r\n\t<div class=\"uk-flex uk-c-flex-stretch uk-width-1-1\">\r\n\t\t<div class=\"uk-position-relative uk-width-1-1 uk-padding-remove\">\r\n\t\t\t\t\t\t<div ><\/div>\r\n\t\t\t\t\t\t<div class=\"uk-flex-1\">\r\n\t\t\t\t<div style=\"\" class=\"uk-position-relative uk-margin\">\r\n\t\t\t<div class=\"de-textblock-wrapper\">\r\n\t\t<div>Our office provides legal consultancy services to national and international companies in various areas of competition law. Within this scope, contracts signed related to procurement, distribution, and dealership are examined within the framework of competition legislation, preventing clients from dealing with any investigations by Competition Board with preventive lawyer service. Current monitoring of changes in Competition Law legislation and Board Decisions is provided and our clients are informed.<\/div>\n<p>Some of our services offered in this context are:<\/p>\n<p>\u2022 Audit of mergers and acquisitions<br \/>\n\u2022 Horizontal and vertical agreements<br \/>\n\u2022 Exploitation of the dominant position - Monopolizations<br \/>\n\u2022 Agreements and practices restraining competition<br \/>\n\u2022 Negative clearance and exemption procedures with notification of agreements to the Competition Authority<br \/>\n\u2022 Legal due diligence for companies to which the board has initiated preliminary investigation and inquest<\/p>\n\t<\/div>\r\n<\/div>\t\t\t<\/div>\r\n\t\t<\/div>\r\n\t<\/div>\r\n<\/div>\t\t<\/div>\r\n\t<\/div>\r\n<\/div>","protected":false},"excerpt":{"rendered":"B\u00fcromuzda, ulusal ve uluslararas\u0131 \u015firketlere rekabet hukukunun \u00e7e\u015fitli alanlar\u0131nda hukuki dan\u0131\u015fmanl\u0131k hizmetleri verilmektedir. Bu kapsamda, tedarik, da\u011f\u0131t\u0131m, bayilik konular\u0131nda imzalan\u0131lan s\u00f6zle\u015fmeler rekabet mevzuat\u0131 \u00e7er\u00e7evesinde incelenmekte, \u00f6nleyici avukatl\u0131k hizmeti ile m\u00fcvekkillerin Rekabet Kurulu soru\u015fturmalar\u0131na muhatap olmalar\u0131n\u0131n \u00f6n\u00fcne ge\u00e7ilmektedir. Rekabet Hukuku mevzuat\u0131ndaki de\u011fi\u015fiklikler ve Kurul Kararlar\u0131n\u0131n g\u00fcncel takibi sa\u011flanmakta ve m\u00fcvekkillerimiz bilgilendirilmektedir. Bu kapsamda sunulan hizmetlerimizden baz\u0131lar\u0131:","protected":false},"author":1,"featured_media":0,"parent":0,"menu_order":0,"comment_status":"closed","ping_status":"closed","template":"","meta":[],"yoast_head":"<!-- This site is optimized with the Yoast SEO Premium plugin v16.1 (Yoast SEO v16.4) - https:\/\/yoast.com\/wordpress\/plugins\/seo\/ -->\n<title>Rekabet Hukuku<\/title>\n<meta name=\"description\" content=\"Rekabet Hukuku mevzuat\u0131ndaki de\u011fi\u015fiklikler ve Kurul Kararlar\u0131n\u0131n g\u00fcncel takibi sa\u011flanmakta ve m\u00fcvekkillerimiz bilgilendirilmektedir.\" \/>\n<meta name=\"robots\" content=\"index, follow, max-snippet:-1, max-image-preview:large, max-video-preview:-1\" \/>\n<link rel=\"canonical\" href=\"https:\/\/www.kureselhukuk.com\/en\/rekabet-hukuku\/\" \/>\n<meta property=\"og:locale\" content=\"en_US\" \/>\n<meta property=\"og:type\" content=\"article\" \/>\n<meta property=\"og:title\" content=\"Rekabet Hukuku\" \/>\n<meta property=\"og:description\" content=\"Rekabet Hukuku mevzuat\u0131ndaki de\u011fi\u015fiklikler ve Kurul Kararlar\u0131n\u0131n g\u00fcncel takibi sa\u011flanmakta ve m\u00fcvekkillerimiz bilgilendirilmektedir.\" \/>\n<meta property=\"og:url\" content=\"https:\/\/www.kureselhukuk.com\/en\/rekabet-hukuku\/\" \/>\n<meta property=\"og:site_name\" content=\"K\u00fcresel Hukuk\" \/>\n<meta property=\"article:publisher\" content=\"https:\/\/www.facebook.com\/kureselhukukcom\" \/>\n<meta property=\"article:modified_time\" content=\"2019-03-28T14:38:11+00:00\" \/>\n<meta name=\"twitter:card\" content=\"summary_large_image\" \/>\n<meta name=\"twitter:site\" content=\"@kureselhukuk\" \/>\n<meta name=\"twitter:label1\" content=\"Est. reading time\" \/>\n\t<meta name=\"twitter:data1\" content=\"1 minute\" \/>\n<script type=\"application\/ld+json\" class=\"yoast-schema-graph\">{\"@context\":\"https:\/\/schema.org\",\"@graph\":[{\"@type\":\"Organization\",\"@id\":\"https:\/\/www.kureselhukuk.com\/#organization\",\"name\":\"K\\u00fcresel Hukuk & Dan\\u0131\\u015fmanl\\u0131k\",\"url\":\"https:\/\/www.kureselhukuk.com\/\",\"sameAs\":[\"https:\/\/www.facebook.com\/kureselhukukcom\",\"https:\/\/www.instagram.com\/kureselhukuk\/\",\"https:\/\/www.linkedin.com\/company\/kuresel-hukuk\/\",\"https:\/\/www.youtube.com\/channel\/UCcLrg5tKOtPsBVzIHkg5RFA\",\"https:\/\/twitter.com\/kureselhukuk\"],\"logo\":{\"@type\":\"ImageObject\",\"@id\":\"https:\/\/www.kureselhukuk.com\/#logo\",\"inLanguage\":\"en-US\",\"url\":\"https:\/\/www.kureselhukuk.com\/wp-content\/uploads\/2019\/01\/Untitled-1.png\",\"contentUrl\":\"https:\/\/www.kureselhukuk.com\/wp-content\/uploads\/2019\/01\/Untitled-1.png\",\"width\":594,\"height\":178,\"caption\":\"K\\u00fcresel Hukuk & Dan\\u0131\\u015fmanl\\u0131k\"},\"image\":{\"@id\":\"https:\/\/www.kureselhukuk.com\/#logo\"}},{\"@type\":\"WebSite\",\"@id\":\"https:\/\/www.kureselhukuk.com\/#website\",\"url\":\"https:\/\/www.kureselhukuk.com\/\",\"name\":\"K\\u00fcresel Hukuk\",\"description\":\"&quot;Adalet vaat de\\u011fildir&quot;\",\"publisher\":{\"@id\":\"https:\/\/www.kureselhukuk.com\/#organization\"},\"potentialAction\":[{\"@type\":\"SearchAction\",\"target\":\"https:\/\/www.kureselhukuk.com\/?s={search_term_string}\",\"query-input\":\"required name=search_term_string\"}],\"inLanguage\":\"en-US\"},{\"@type\":\"WebPage\",\"@id\":\"https:\/\/www.kureselhukuk.com\/rekabet-hukuku\/#webpage\",\"url\":\"https:\/\/www.kureselhukuk.com\/rekabet-hukuku\/\",\"name\":\"Rekabet Hukuku\",\"isPartOf\":{\"@id\":\"https:\/\/www.kureselhukuk.com\/#website\"},\"datePublished\":\"2019-01-16T08:54:29+00:00\",\"dateModified\":\"2019-03-28T14:38:11+00:00\",\"description\":\"Rekabet Hukuku mevzuat\\u0131ndaki de\\u011fi\\u015fiklikler ve Kurul Kararlar\\u0131n\\u0131n g\\u00fcncel takibi sa\\u011flanmakta ve m\\u00fcvekkillerimiz bilgilendirilmektedir.\",\"breadcrumb\":{\"@id\":\"https:\/\/www.kureselhukuk.com\/rekabet-hukuku\/#breadcrumb\"},\"inLanguage\":\"en-US\",\"potentialAction\":[{\"@type\":\"ReadAction\",\"target\":[\"https:\/\/www.kureselhukuk.com\/rekabet-hukuku\/\"]}]},{\"@type\":\"BreadcrumbList\",\"@id\":\"https:\/\/www.kureselhukuk.com\/rekabet-hukuku\/#breadcrumb\",\"itemListElement\":[{\"@type\":\"ListItem\",\"position\":1,\"item\":{\"@type\":\"WebPage\",\"@id\":\"https:\/\/www.kureselhukuk.com\/\",\"url\":\"https:\/\/www.kureselhukuk.com\/\",\"name\":\"Ana sayfa\"}},{\"@type\":\"ListItem\",\"position\":2,\"item\":{\"@id\":\"https:\/\/www.kureselhukuk.com\/rekabet-hukuku\/#webpage\"}}]}]}<\/script>\n<!-- \/ Yoast SEO Premium plugin. -->","_links":{"self":[{"href":"https:\/\/www.kureselhukuk.com\/en\/wp-json\/wp\/v2\/pages\/1036"}],"collection":[{"href":"https:\/\/www.kureselhukuk.com\/en\/wp-json\/wp\/v2\/pages"}],"about":[{"href":"https:\/\/www.kureselhukuk.com\/en\/wp-json\/wp\/v2\/types\/page"}],"author":[{"embeddable":true,"href":"https:\/\/www.kureselhukuk.com\/en\/wp-json\/wp\/v2\/users\/1"}],"replies":[{"embeddable":true,"href":"https:\/\/www.kureselhukuk.com\/en\/wp-json\/wp\/v2\/comments?post=1036"}],"version-history":[{"count":1,"href":"https:\/\/www.kureselhukuk.com\/en\/wp-json\/wp\/v2\/pages\/1036\/revisions"}],"predecessor-version":[{"id":2749,"href":"https:\/\/www.kureselhukuk.com\/en\/wp-json\/wp\/v2\/pages\/1036\/revisions\/2749"}],"wp:attachment":[{"href":"https:\/\/www.kureselhukuk.com\/en\/wp-json\/wp\/v2\/media?parent=1036"}],"curies":[{"name":"wp","href":"https:\/\/api.w.org\/{rel}","templated":true}]}}